{"id":1446,"date":"2023-11-14T03:37:31","date_gmt":"2023-11-14T03:37:31","guid":{"rendered":"https:\/\/violetapizpireta.com\/?post_type=product&#038;p=1446"},"modified":"2023-11-14T03:44:52","modified_gmt":"2023-11-14T03:44:52","slug":"ancheta-noel","status":"publish","type":"product","link":"https:\/\/violetapizpireta.com\/index.php\/producto\/ancheta-noel\/","title":{"rendered":"Ancheta Noel"},"content":{"rendered":"<h3><span style=\"color: #57009a;\"><strong>Ancheta Noel\u00a0<\/strong><\/span><\/h3>\n<p>-1 Mug<br \/>\n-4 Dulces navide\u00f1os (baston, estrella, arbol y flor)<\/p>\n<p>-1 Gorro<\/p>\n<p>Al realizar la compra env\u00eda el comprobante de pago al Whastapp 3219803681, e indica el dise\u00f1o que deseas.<\/p>\n<p><strong>ANCHETA<\/strong><br \/>\n$35.250 unidad<br \/>\n$32.450 mayor a 6 unidades<br \/>\n$24.150 mayor a 12 unidades<\/p>\n<p>&nbsp;<\/p>\n<p><em>S\u00edguenos y descubre m\u00e1s fotos del producto!<\/em><\/p>\n<p><a href=\"https:\/\/www.instagram.com\/violeta_pizpireta\/\" target=\"_blank\" rel=\"noopener\" data-wp-editing=\"1\"><img loading=\"lazy\" decoding=\"async\" class=\"alignnone wp-image-1647\" src=\"https:\/\/hdspersonalizados.com\/wp-content\/uploads\/2022\/02\/insta-300x300.png\" alt=\"instagram\" width=\"60\" height=\"60\" \/>violeta_pizpireta<\/a><\/p>\n","protected":false},"excerpt":{"rendered":"<p><em>Tu pedido estar\u00e1 listo de 2 a 6 d\u00edas h\u00e1biles (lunes a viernes) a partir de la confirmaci\u00f3n del pago y dise\u00f1o.<\/em><\/p>\n","protected":false},"featured_media":1447,"comment_status":"open","ping_status":"closed","template":"","meta":{"site-sidebar-layout":"default","site-content-layout":"default","ast-global-header-display":"","ast-main-header-display":"","ast-hfb-above-header-display":"","ast-hfb-below-header-display":"","ast-hfb-mobile-header-display":"","site-post-title":"","ast-breadcrumbs-content":"","ast-featured-img":"","footer-sml-layout":"","theme-transparent-header-meta":"default","adv-header-id-meta":"","stick-header-meta":"","header-above-stick-meta":"","header-main-stick-meta":"","header-below-stick-meta":""},"product_brand":[],"product_cat":[37],"product_tag":[50],"class_list":{"0":"post-1446","1":"product","2":"type-product","3":"status-publish","4":"has-post-thumbnail","6":"product_cat-navidad","7":"product_tag-ancheta","8":"desktop-align-center","9":"tablet-align-left","10":"mobile-align-left","12":"first","13":"instock","14":"taxable","15":"shipping-taxable","16":"purchasable","17":"product-type-simple"},"jetpack_sharing_enabled":true,"_links":{"self":[{"href":"https:\/\/violetapizpireta.com\/index.php\/wp-json\/wp\/v2\/product\/1446","targetHints":{"allow":["GET"]}}],"collection":[{"href":"https:\/\/violetapizpireta.com\/index.php\/wp-json\/wp\/v2\/product"}],"about":[{"href":"https:\/\/violetapizpireta.com\/index.php\/wp-json\/wp\/v2\/types\/product"}],"replies":[{"embeddable":true,"href":"https:\/\/violetapizpireta.com\/index.php\/wp-json\/wp\/v2\/comments?post=1446"}],"wp:featuredmedia":[{"embeddable":true,"href":"https:\/\/violetapizpireta.com\/index.php\/wp-json\/wp\/v2\/media\/1447"}],"wp:attachment":[{"href":"https:\/\/violetapizpireta.com\/index.php\/wp-json\/wp\/v2\/media?parent=1446"}],"wp:term":[{"taxonomy":"product_brand","embeddable":true,"href":"https:\/\/violetapizpireta.com\/index.php\/wp-json\/wp\/v2\/product_brand?post=1446"},{"taxonomy":"product_cat","embeddable":true,"href":"https:\/\/violetapizpireta.com\/index.php\/wp-json\/wp\/v2\/product_cat?post=1446"},{"taxonomy":"product_tag","embeddable":true,"href":"https:\/\/violetapizpireta.com\/index.php\/wp-json\/wp\/v2\/product_tag?post=1446"}],"curies":[{"name":"wp","href":"https:\/\/api.w.org\/{rel}","templated":true}]}}