{"id":2002,"date":"2023-12-31T02:05:49","date_gmt":"2023-12-31T02:05:49","guid":{"rendered":"https:\/\/violetapizpireta.com\/?post_type=product&#038;p=2002"},"modified":"2025-03-03T02:39:21","modified_gmt":"2025-03-03T02:39:21","slug":"tsuro","status":"publish","type":"product","link":"https:\/\/violetapizpireta.com\/index.php\/producto\/tsuro\/","title":{"rendered":"Tsuro"},"content":{"rendered":"<h3><span style=\"color: #57009a;\">Tsuro<\/span><\/h3>\n<p><span style=\"color: #00e7c8;\">Producto NO personalizado aunque Puede llevar el logotipo de tu empresa.<\/span><\/p>\n<h6><span style=\"color: #57009a;\"><em>Despu\u00e9s de realizar tu compra, recuerda escribirnos al WhatsApp para confirmar tu pago, pedido y dise\u00f1o.<\/em><\/span><\/h6>\n<p><em>Si deseas compras al por mayor (6 unidades o m\u00e1s) comun\u00edcate con nosotros.<\/em><\/p>\n<h5><span style=\"color: #57009a;\">Detalle del producto:<\/span><\/h5>\n<p><span style=\"color: #57009a;\">Juego de mesa<\/span><\/p>\n<p><span style=\"color: #57009a;\"><strong>Incluye:<\/strong><\/span><\/p>\n<p><span style=\"color: #57009a;\">1 Tablero<\/span><\/p>\n<p><span style=\"color: #57009a;\">8 Piezas de jugador<\/span><\/p>\n<p><span style=\"color: #57009a;\">36 Fichas de camino<\/span><\/p>\n<p><span style=\"color: #57009a;\">Caja para guardar<\/span><\/p>\n<p><span style=\"color: #57009a;\"><strong>Material:<\/strong><\/span><\/p>\n<p><span style=\"color: #57009a;\">Madera MDF 3mm<\/span><\/p>\n<p><span style=\"color: #57009a;\"><strong>Tama\u00f1o:<\/strong><\/span><\/p>\n<p><span style=\"color: #57009a;\">Tablero 40cm x 40cm, dividido en 4 partes de 20cm x 20cm<\/span><\/p>\n<p><span style=\"color: #57009a;\">Piezas de jugador 3cm<\/span><\/p>\n<p><span style=\"color: #57009a;\">Fichas de camino\u00a0 6cm x 6cm<\/span><\/p>\n<p><span style=\"color: #57009a;\">Caja para guardar 25cm x 25cm<\/span><\/p>\n<p><span style=\"color: #57009a;\"><strong>Dise\u00f1o:<\/strong><\/span><\/p>\n<p><span style=\"color: #57009a;\">Corte y grabado l\u00e1ser.\u00a0<\/span><\/p>\n<blockquote class=\"tiktok-embed\" cite=\"https:\/\/www.tiktok.com\/@violetapizpireta\/video\/7319683546623266054\" data-video-id=\"7319683546623266054\" data-embed-from=\"oembed\" style=\"max-width:605px; min-width:325px;\">\n<section> <a target=\"_blank\" title=\"@violetapizpireta\" href=\"https:\/\/www.tiktok.com\/@violetapizpireta?refer=embed\" rel=\"noopener\">@violetapizpireta<\/a> <\/p>\n<p><a title=\"tsuro\" target=\"_blank\" href=\"https:\/\/www.tiktok.com\/tag\/tsuro?refer=embed\" rel=\"noopener\">#tsuro<\/a> <a title=\"tsurojuegodemesa\" target=\"_blank\" href=\"https:\/\/www.tiktok.com\/tag\/tsurojuegodemesa?refer=embed\" rel=\"noopener\">#tsurojuegodemesa<\/a> <a title=\"juegodemesa\" target=\"_blank\" href=\"https:\/\/www.tiktok.com\/tag\/juegodemesa?refer=embed\" rel=\"noopener\">#juegodemesa<\/a> <a title=\"elcaminodeldragon\" target=\"_blank\" href=\"https:\/\/www.tiktok.com\/tag\/elcaminodeldragon?refer=embed\" rel=\"noopener\">#elcaminodeldragon<\/a> <a title=\"juegosdemesapersonalizados\" target=\"_blank\" href=\"https:\/\/www.tiktok.com\/tag\/juegosdemesapersonalizados?refer=embed\" rel=\"noopener\">#juegosdemesapersonalizados<\/a> <a title=\"corteygrabadolaser\" target=\"_blank\" href=\"https:\/\/www.tiktok.com\/tag\/corteygrabadolaser?refer=embed\" rel=\"noopener\">#corteygrabadolaser<\/a> <a title=\"2024\" target=\"_blank\" href=\"https:\/\/www.tiktok.com\/tag\/2024?refer=embed\" rel=\"noopener\">#2024<\/a> <\/p>\n<p> <a target=\"_blank\" title=\"\u266c Maxwell the Cat (Techno Flip) - HCTM\" href=\"https:\/\/www.tiktok.com\/music\/Maxwell-the-Cat-Techno-Flip-7207803360081086466?refer=embed\" rel=\"noopener\">\u266c Maxwell the Cat (Techno Flip) &#8211; HCTM<\/a> <\/section>\n<\/blockquote>\n<p> <script async src=\"https:\/\/www.tiktok.com\/embed.js\"><\/script><\/p>\n<p><em>S\u00edguenos y descubre m\u00e1s fotos del producto!<\/em><\/p>\n<p><a href=\"https:\/\/www.instagram.com\/juegos.de.mesa_hds\" target=\"_blank\" rel=\"noopener\"><img loading=\"lazy\" decoding=\"async\" class=\"alignnone wp-image-1647\" src=\"https:\/\/hdspersonalizados.com\/wp-content\/uploads\/2022\/02\/insta-300x300.png\" alt=\"instagram\" width=\"60\" height=\"60\" \/>juegos.de.mesa_hds<\/a><\/p>\n","protected":false},"excerpt":{"rendered":"<p><em>Tu pedido estar\u00e1 listo de 2 a 6 d\u00edas h\u00e1biles (lunes a viernes) a partir de la confirmaci\u00f3n del pago y dise\u00f1o.<\/em><\/p>\n","protected":false},"featured_media":2003,"comment_status":"open","ping_status":"closed","template":"","meta":{"site-sidebar-layout":"default","site-content-layout":"default","ast-global-header-display":"","ast-main-header-display":"","ast-hfb-above-header-display":"","ast-hfb-below-header-display":"","ast-hfb-mobile-header-display":"","site-post-title":"","ast-breadcrumbs-content":"","ast-featured-img":"","footer-sml-layout":"","theme-transparent-header-meta":"default","adv-header-id-meta":"","stick-header-meta":"","header-above-stick-meta":"","header-main-stick-meta":"","header-below-stick-meta":""},"product_brand":[],"product_cat":[36],"product_tag":[116,137,215],"class_list":{"0":"post-2002","1":"product","2":"type-product","3":"status-publish","4":"has-post-thumbnail","6":"product_cat-otros","7":"product_tag-juego-de-mesa","8":"product_tag-rummy","9":"product_tag-tsuro","10":"desktop-align-center","11":"tablet-align-left","12":"mobile-align-left","14":"first","15":"instock","16":"taxable","17":"shipping-taxable","18":"purchasable","19":"product-type-simple"},"jetpack_sharing_enabled":true,"_links":{"self":[{"href":"https:\/\/violetapizpireta.com\/index.php\/wp-json\/wp\/v2\/product\/2002","targetHints":{"allow":["GET"]}}],"collection":[{"href":"https:\/\/violetapizpireta.com\/index.php\/wp-json\/wp\/v2\/product"}],"about":[{"href":"https:\/\/violetapizpireta.com\/index.php\/wp-json\/wp\/v2\/types\/product"}],"replies":[{"embeddable":true,"href":"https:\/\/violetapizpireta.com\/index.php\/wp-json\/wp\/v2\/comments?post=2002"}],"wp:featuredmedia":[{"embeddable":true,"href":"https:\/\/violetapizpireta.com\/index.php\/wp-json\/wp\/v2\/media\/2003"}],"wp:attachment":[{"href":"https:\/\/violetapizpireta.com\/index.php\/wp-json\/wp\/v2\/media?parent=2002"}],"wp:term":[{"taxonomy":"product_brand","embeddable":true,"href":"https:\/\/violetapizpireta.com\/index.php\/wp-json\/wp\/v2\/product_brand?post=2002"},{"taxonomy":"product_cat","embeddable":true,"href":"https:\/\/violetapizpireta.com\/index.php\/wp-json\/wp\/v2\/product_cat?post=2002"},{"taxonomy":"product_tag","embeddable":true,"href":"https:\/\/violetapizpireta.com\/index.php\/wp-json\/wp\/v2\/product_tag?post=2002"}],"curies":[{"name":"wp","href":"https:\/\/api.w.org\/{rel}","templated":true}]}}