{"id":209,"date":"2023-01-25T00:32:48","date_gmt":"2023-01-25T00:32:48","guid":{"rendered":"https:\/\/violetapizpireta.com\/?post_type=product&#038;p=209"},"modified":"2026-04-03T04:25:29","modified_gmt":"2026-04-03T04:25:29","slug":"llaveros-acrilico-full-color","status":"publish","type":"product","link":"https:\/\/violetapizpireta.com\/index.php\/producto\/llaveros-acrilico-full-color\/","title":{"rendered":"Llaveros Acr\u00edlico full color"},"content":{"rendered":"<h3><span style=\"color: #57009a;\">Llaveros Acr\u00edlico \u00a0full color \u00f3 Transl\u00facido 3mm<\/span><\/h3>\n<p><span style=\"color: #00e7c8;\">Producto personalizado.<\/span><\/p>\n<h6><span style=\"color: #57009a;\"><em>Despu\u00e9s de realizar tu compra, recuerda escribirnos al WhatsApp para confirmar tu pago, pedido y dise\u00f1o.<\/em><\/span><\/h6>\n<p><em>Si deseas compras al por mayor (6 unidades o m\u00e1s) comun\u00edcate con nosotros.<\/em><\/p>\n<h5><span style=\"color: #57009a;\">Detalle del producto:<\/span><\/h5>\n<h4><span style=\"color: #ff0000;\"><strong>Descarga tu PDF de precios 2025 o solic\u00edtalos al WhatsApp<\/strong><\/span><\/h4>\n<h3><a href=\"https:\/\/drive.google.com\/file\/d\/1Zn4l9QanpGmgcm3rb3NYYlU7NXY_R98o\/view?usp=sharing\" target=\"_blank\" rel=\"noopener\"><span style=\"color: #ff0000;\">DESCARGAR<\/span><\/a><\/h3>\n<p>&nbsp;<\/p>\n<p><span style=\"color: #57009a;\"><strong>Material:<\/strong><\/span><\/p>\n<p><span style=\"color: #57009a;\">Acr\u00edlico cristal transparente 3mm.<\/span><\/p>\n<p><span style=\"color: #57009a;\">Herraje met\u00e1lico.<\/span><\/p>\n<p><span style=\"color: #57009a;\"><strong>Tama\u00f1o:<\/strong><\/span><\/p>\n<p><span style=\"color: #57009a;\">3cm, 4cm, 5cm, 6cm, 7cm, 8cm, 9cm, 10cm.<\/span><\/p>\n<p><span style=\"color: #57009a;\"><strong>Dise\u00f1o:<\/strong><\/span><\/p>\n<p><span style=\"color: #57009a;\">Realizamos el dise\u00f1o seg\u00fan tu necesidad. o puedes enviar el dise\u00f1o en formato .AI\u00a0<\/span><\/p>\n<p>En Violeta Pizpireta publicidad y personalizados encuentras regalos y recordatorios para fechas especiales y material publicitario para tus eventos.<\/p>\n<blockquote class=\"tiktok-embed\" cite=\"https:\/\/www.tiktok.com\/@violetapizpireta\/video\/7349188864617073926\" data-video-id=\"7349188864617073926\" data-embed-from=\"oembed\" style=\"max-width:605px; min-width:325px;\">\n<section> <a target=\"_blank\" title=\"@violetapizpireta\" href=\"https:\/\/www.tiktok.com\/@violetapizpireta?refer=embed\" rel=\"noopener\">@violetapizpireta<\/a> <\/p>\n<p>Dia 3 mostrando nuestros productos: Llaveros en acrilico mdf y plastico o pasta, en corte y granado laser o estampados full color, ideales como souvenir empresarial o festividad, dise\u00f1os personalizados con el tama\u00f1o y figura que quieras! 3\ufe0f\u20e32\ufe0f\u20e31\ufe0f\u20e39\ufe0f\u20e38\ufe0f\u20e30\ufe0f\u20e33\ufe0f\u20e36\ufe0f\u20e38\ufe0f\u20e31\ufe0f\u20e3 <a title=\"dia3\" target=\"_blank\" href=\"https:\/\/www.tiktok.com\/tag\/dia3?refer=embed\" rel=\"noopener\">#dia3<\/a> <a title=\"llaveros\" target=\"_blank\" href=\"https:\/\/www.tiktok.com\/tag\/llaveros?refer=embed\" rel=\"noopener\">#llaveros<\/a> <a title=\"souvenir\" target=\"_blank\" href=\"https:\/\/www.tiktok.com\/tag\/souvenir?refer=embed\" rel=\"noopener\">#souvenir<\/a> <a title=\"llaveroenacrilico\" target=\"_blank\" href=\"https:\/\/www.tiktok.com\/tag\/llaveroenacrilico?refer=embed\" rel=\"noopener\">#llaveroenacrilico<\/a> <a title=\"llaveroenmdf\" target=\"_blank\" href=\"https:\/\/www.tiktok.com\/tag\/llaveroenmdf?refer=embed\" rel=\"noopener\">#llaveroenmdf<\/a> <a title=\"llaveroenmadera\" target=\"_blank\" href=\"https:\/\/www.tiktok.com\/tag\/llaveroenmadera?refer=embed\" rel=\"noopener\">#llaveroenmadera<\/a> <a title=\"llaveroplastico\" target=\"_blank\" href=\"https:\/\/www.tiktok.com\/tag\/llaveroplastico?refer=embed\" rel=\"noopener\">#llaveroplastico<\/a> <a title=\"llaveroenpasta\" target=\"_blank\" href=\"https:\/\/www.tiktok.com\/tag\/llaveroenpasta?refer=embed\" rel=\"noopener\">#llaveroenpasta<\/a> <a title=\"estampados\" target=\"_blank\" href=\"https:\/\/www.tiktok.com\/tag\/estampados?refer=embed\" rel=\"noopener\">#estampados<\/a> <a title=\"regalos\" target=\"_blank\" href=\"https:\/\/www.tiktok.com\/tag\/regalos?refer=embed\" rel=\"noopener\">#regalos<\/a> <a title=\"promocionales\" target=\"_blank\" href=\"https:\/\/www.tiktok.com\/tag\/promocionales?refer=embed\" rel=\"noopener\">#promocionales<\/a> <a title=\"publicitario\" target=\"_blank\" href=\"https:\/\/www.tiktok.com\/tag\/publicitario?refer=embed\" rel=\"noopener\">#publicitario<\/a> <a title=\"recordatorio\" target=\"_blank\" href=\"https:\/\/www.tiktok.com\/tag\/recordatorio?refer=embed\" rel=\"noopener\">#recordatorio<\/a> <a title=\"bogota\" target=\"_blank\" href=\"https:\/\/www.tiktok.com\/tag\/bogota?refer=embed\" rel=\"noopener\">#bogota<\/a> <a title=\"colombia\" target=\"_blank\" href=\"https:\/\/www.tiktok.com\/tag\/colombia?refer=embed\" rel=\"noopener\">#colombia<\/a> <a title=\"corteygrabadolaser\" target=\"_blank\" href=\"https:\/\/www.tiktok.com\/tag\/corteygrabadolaser?refer=embed\" rel=\"noopener\">#corteygrabadolaser<\/a> <\/p>\n<p> <a target=\"_blank\" title=\"\u266c sonido original - VioletaPizpireta\" href=\"https:\/\/www.tiktok.com\/music\/sonido-original-7349188942400326406?refer=embed\" rel=\"noopener\">\u266c sonido original &#8211; VioletaPizpireta<\/a> <\/section>\n<\/blockquote>\n<p> <script async src=\"https:\/\/www.tiktok.com\/embed.js\"><\/script><\/p>\n<h6><em><span style=\"color: #57009a;\">S\u00edguenos y encuentra mas fotos de los productos.<\/span><\/em><\/h6>\n<p><em>Instagram productos<\/em> <a href=\"https:\/\/www.instagram.com\/violeta_pizpireta?igsh=cGl1cWVodHR6bjJw&amp;utm_source=qr\" target=\"_blank\" rel=\"noopener\">https:\/\/www.instagram.com\/violeta_pizpireta?igsh=cGl1cWVodHR6bjJw&amp;utm_source=qr<\/a><\/p>\n<p><em>Instagram L\u00e1mparas Led<\/em> <a href=\"https:\/\/www.instagram.com\/personaliza_tu_lampara?igsh=cmFyZGNmbml5aTJr&amp;utm_source=qr\" target=\"_blank\" rel=\"noopener\">https:\/\/www.instagram.com\/personaliza_tu_lampara?igsh=cmFyZGNmbml5aTJr&amp;utm_source=qr<\/a><\/p>\n<p><em>TikTok<\/em> <a href=\"https:\/\/www.tiktok.com\/@violetapizpireta?_t=8j0Q0eo8CrV&amp;_r=1\" target=\"_blank\" rel=\"noopener\">https:\/\/www.tiktok.com\/@violetapizpireta?_t=8j0Q0eo8CrV&amp;_r=1<\/a><\/p>\n<p><em>YouTube<\/em> <a href=\"https:\/\/www.youtube.com\/watch?v=sMYvw27Ng2c\" target=\"_blank\" rel=\"noopener\">Violeta Pizpireta Publicidad y Personalizados &#8211; YouTube<\/a><\/p>\n<hr \/>\n<p>No Realizamos Cambios Por Productos Personalizados Ni Devoluci\u00f3n De Dinero. Por Ello Esperamos Confirmaci\u00f3n De Pedido Y Aprobaci\u00f3n De Dise\u00f1o Por Parte Del Cliente. Todos Nuestros Productos Llevan Nuestra Marca: Ya Sea Logotipo, Redes Sociales, Nombre Y\/O WhatsApp. Si Desea Que Nuestra Marca No Aparezca En Los Productos Debe Solicitarlo En El Momento De Realizar El Pago Del Primer 50% De Lo Contrario Se Marcaran Y No Tendr\u00e1n Cambio Ni Devoluci\u00f3n De Dinero.<\/p>\n<p>&nbsp;<\/p>\n<p>&nbsp;<\/p>\n<p>&nbsp;<\/p>\n","protected":false},"excerpt":{"rendered":"<p><em>Tu pedido estar\u00e1 listo de 2 a 6 d\u00edas h\u00e1biles (lunes a viernes) a partir de la confirmaci\u00f3n del pago y dise\u00f1o.<\/em><\/p>\n<p>\ud83d\udc9c Precios abajo en la descripci\u00f3n.<\/p>\n","protected":false},"featured_media":2602,"comment_status":"open","ping_status":"closed","template":"","meta":{"site-sidebar-layout":"default","site-content-layout":"default","ast-global-header-display":"","ast-main-header-display":"","ast-hfb-above-header-display":"","ast-hfb-below-header-display":"","ast-hfb-mobile-header-display":"","site-post-title":"","ast-breadcrumbs-content":"","ast-featured-img":"","footer-sml-layout":"","theme-transparent-header-meta":"default","adv-header-id-meta":"","stick-header-meta":"","header-above-stick-meta":"","header-main-stick-meta":"","header-below-stick-meta":""},"product_brand":[],"product_cat":[256],"product_tag":[62,63,61],"class_list":{"0":"post-209","1":"product","2":"type-product","3":"status-publish","4":"has-post-thumbnail","6":"product_cat-recordatorios","7":"product_tag-acrilico","8":"product_tag-color","9":"product_tag-llavero","10":"desktop-align-center","11":"tablet-align-left","12":"mobile-align-left","14":"first","15":"instock","16":"featured","17":"taxable","18":"shipping-taxable","19":"purchasable","20":"product-type-simple"},"jetpack_sharing_enabled":true,"_links":{"self":[{"href":"https:\/\/violetapizpireta.com\/index.php\/wp-json\/wp\/v2\/product\/209","targetHints":{"allow":["GET"]}}],"collection":[{"href":"https:\/\/violetapizpireta.com\/index.php\/wp-json\/wp\/v2\/product"}],"about":[{"href":"https:\/\/violetapizpireta.com\/index.php\/wp-json\/wp\/v2\/types\/product"}],"replies":[{"embeddable":true,"href":"https:\/\/violetapizpireta.com\/index.php\/wp-json\/wp\/v2\/comments?post=209"}],"wp:featuredmedia":[{"embeddable":true,"href":"https:\/\/violetapizpireta.com\/index.php\/wp-json\/wp\/v2\/media\/2602"}],"wp:attachment":[{"href":"https:\/\/violetapizpireta.com\/index.php\/wp-json\/wp\/v2\/media?parent=209"}],"wp:term":[{"taxonomy":"product_brand","embeddable":true,"href":"https:\/\/violetapizpireta.com\/index.php\/wp-json\/wp\/v2\/product_brand?post=209"},{"taxonomy":"product_cat","embeddable":true,"href":"https:\/\/violetapizpireta.com\/index.php\/wp-json\/wp\/v2\/product_cat?post=209"},{"taxonomy":"product_tag","embeddable":true,"href":"https:\/\/violetapizpireta.com\/index.php\/wp-json\/wp\/v2\/product_tag?post=209"}],"curies":[{"name":"wp","href":"https:\/\/api.w.org\/{rel}","templated":true}]}}