{"id":2154,"date":"2024-01-14T15:31:45","date_gmt":"2024-01-14T15:31:45","guid":{"rendered":"https:\/\/violetapizpireta.com\/?post_type=product&#038;p=2154"},"modified":"2025-06-16T22:15:50","modified_gmt":"2025-06-16T22:15:50","slug":"buzo-mascota","status":"publish","type":"product","link":"https:\/\/violetapizpireta.com\/index.php\/producto\/buzo-mascota\/","title":{"rendered":"Buzo Mascota"},"content":{"rendered":"<h1><span style=\"color: #57009a;\">Buzo Mascota<\/span><\/h1>\n<p><span style=\"color: #00e7c8;\">Productos Personalizados y Publicitarios<\/span>.<\/p>\n<p><strong>Despu\u00e9s De Realizar Tu Compra, Recuerda Escribirnos Al WhatsApp 3219803681 Para Confirmar Tu Pago, Pedido Y Dise\u00f1o.<\/strong><\/p>\n<p>Si Deseas Compras Al Por Mayor Comun\u00edcate Con Nosotros Para Verificar Cantidades y Realizar La Compra Directa Para Obtener Los Descuentos.<\/p>\n<p><span style=\"color: #00e7c8;\">DETALLE DEL PRODUCTO:<\/span><\/p>\n<p><span style=\"color: #57009a;\">Medidas\/Capacidad (aproximadas):<span style=\"color: #000000;\"> S a Xl<\/span><\/span><\/p>\n<p><span style=\"color: #57009a;\">Material: <\/span>Algodon Perchado Monaco Original de PatPrimo Peso: 280 gramos \u00a0Poliester 84% \u2013 Algodon 16% Color Blanco , Gris y Verde Neon 100% poliester<\/p>\n<p><span style=\"color: #57009a;\"><span style=\"color: #000000;\">\u00a0<\/span><\/span>COLOR: Amarillo Claro, Avena, Azul aqua, Azul Claro, Azul Oscuro, Azul Rey, Blanco, Fucsia, Gris Jaspeado, Lila, Mandarina, Marfil, Morado, Mostaza, Naranja, Negro, Palo Rosa, Rojo, Rosado, Terracota, Verde Botella, Verde Cali, Verde Militar, Verde Ne\u00f3n, Verde Oliva, Verde Pistacho, Vinotinto<\/p>\n<p><span style=\"color: #57009a;\">Tipo de Marcaci\u00f3n:<span style=\"color: #000000;\"> sublimaci\u00f3n (buzo blanco) \/ vinilo textil (buzo color)<\/span><\/span><\/p>\n<hr \/>\n<h4><span style=\"color: #57009a;\">Precios Mayoristas:<\/span><\/h4>\n<p><strong><em>BLANCO<\/em><\/strong><\/p>\n<p>\ud83d\udc9c1 a 12 unidades $ 59.900 c\/u<\/p>\n<p>\ud83d\udc9c13 a 100 unidades $ 47.976 c\/u<\/p>\n<p>\ud83d\udc9c101\u00a0 a 600 unidades $ 35.982 c\/u<\/p>\n<p>\ud83d\udc9c601\u00a0 a 999 unidades $ 29.985 c\/u<\/p>\n<p>\ud83d\udc9c1.000 + unidades $ 23.988 c\/u<\/p>\n<p><strong><em>COLOR<\/em><\/strong><\/p>\n<p>\ud83d\udc9c1 a 12 unidades $ 77.400 c\/u<\/p>\n<p>\ud83d\udc9c13 a 100 unidades $ 61.896 c\/u<\/p>\n<p>\ud83d\udc9c101\u00a0 a 600 unidades $ 46.422 c\/u<\/p>\n<p>\ud83d\udc9c601\u00a0 a 999 unidades $ 38.685 c\/u<\/p>\n<p>\ud83d\udc9c1.000 + unidades $ 30.948 c\/u<\/p>\n<hr \/>\n<p>En Violeta Pizpireta publicidad y personalizados encuentras regalos y recordatorios para fechas especiales y material publicitario para tus eventos.<\/p>\n<h6><em><span style=\"color: #57009a;\">S\u00edguenos y encuentra mas fotos de los productos.<\/span><\/em><\/h6>\n<p><em>Instagram productos<\/em> <a href=\"https:\/\/www.instagram.com\/violeta_pizpireta?igsh=cGl1cWVodHR6bjJw&amp;utm_source=qr\" target=\"_blank\" rel=\"noopener\">https:\/\/www.instagram.com\/violeta_pizpireta?igsh=cGl1cWVodHR6bjJw&amp;utm_source=qr<\/a><\/p>\n<p><em>Instagram L\u00e1mparas Led<\/em> <a href=\"https:\/\/www.instagram.com\/personaliza_tu_lampara?igsh=cmFyZGNmbml5aTJr&amp;utm_source=qr\" target=\"_blank\" rel=\"noopener\">https:\/\/www.instagram.com\/personaliza_tu_lampara?igsh=cmFyZGNmbml5aTJr&amp;utm_source=qr<\/a><\/p>\n<p><em>TikTok<\/em> <a href=\"https:\/\/www.tiktok.com\/@violetapizpireta?_t=8j0Q0eo8CrV&amp;_r=1\" target=\"_blank\" rel=\"noopener\">https:\/\/www.tiktok.com\/@violetapizpireta?_t=8j0Q0eo8CrV&amp;_r=1<\/a><\/p>\n<p><em>YouTube<\/em> <a href=\"https:\/\/www.youtube.com\/watch?v=sMYvw27Ng2c\" target=\"_blank\" rel=\"noopener\">Violeta Pizpireta Publicidad y Personalizados &#8211; YouTube<\/a><\/p>\n<hr \/>\n<p>No Realizamos Cambios Por Productos Personalizados Ni Devoluci\u00f3n De Dinero. Por Ello Esperamos Confirmaci\u00f3n De Pedido Y Aprobaci\u00f3n De Dise\u00f1o Por Parte Del Cliente. Todos Nuestros Productos Llevan Nuestra Marca: Ya Sea Logotipo, Redes Sociales, Nombre Y\/O WhatsApp. Si Desea Que Nuestra Marca No Aparezca En Los Productos Debe Solicitarlo En El Momento De Realizar El Pago Del Primer 50% De Lo Contrario Se Marcaran Y No Tendr\u00e1n Cambio Ni Devoluci\u00f3n De Dinero.<\/p>\n","protected":false},"excerpt":{"rendered":"<p><em>Tu pedido estar\u00e1 listo de 2 a 6 d\u00edas h\u00e1biles (lunes a viernes) a partir de la confirmaci\u00f3n del pago y dise\u00f1o.<\/em><\/p>\n<p>\ud83d\udc9c Precios abajo en la descripci\u00f3n.<\/p>\n","protected":false},"featured_media":2157,"comment_status":"open","ping_status":"closed","template":"","meta":{"site-sidebar-layout":"default","site-content-layout":"default","ast-global-header-display":"","ast-main-header-display":"","ast-hfb-above-header-display":"","ast-hfb-below-header-display":"","ast-hfb-mobile-header-display":"","site-post-title":"","ast-breadcrumbs-content":"","ast-featured-img":"","footer-sml-layout":"","theme-transparent-header-meta":"default","adv-header-id-meta":"","stick-header-meta":"","header-above-stick-meta":"","header-main-stick-meta":"","header-below-stick-meta":""},"product_brand":[],"product_cat":[36],"product_tag":[228,226,227,52,100,229,53,231,230],"class_list":{"0":"post-2154","1":"product","2":"type-product","3":"status-publish","4":"has-post-thumbnail","6":"product_cat-otros","7":"product_tag-babero","8":"product_tag-bata-materna","9":"product_tag-body","10":"product_tag-buzo","11":"product_tag-camiseta","12":"product_tag-esqueleto","13":"product_tag-hoodie","14":"product_tag-mascota","15":"product_tag-panoleta","16":"desktop-align-center","17":"tablet-align-left","18":"mobile-align-left","20":"first","21":"instock","22":"taxable","23":"shipping-taxable","24":"purchasable","25":"product-type-variable"},"jetpack_sharing_enabled":true,"_links":{"self":[{"href":"https:\/\/violetapizpireta.com\/index.php\/wp-json\/wp\/v2\/product\/2154","targetHints":{"allow":["GET"]}}],"collection":[{"href":"https:\/\/violetapizpireta.com\/index.php\/wp-json\/wp\/v2\/product"}],"about":[{"href":"https:\/\/violetapizpireta.com\/index.php\/wp-json\/wp\/v2\/types\/product"}],"replies":[{"embeddable":true,"href":"https:\/\/violetapizpireta.com\/index.php\/wp-json\/wp\/v2\/comments?post=2154"}],"wp:featuredmedia":[{"embeddable":true,"href":"https:\/\/violetapizpireta.com\/index.php\/wp-json\/wp\/v2\/media\/2157"}],"wp:attachment":[{"href":"https:\/\/violetapizpireta.com\/index.php\/wp-json\/wp\/v2\/media?parent=2154"}],"wp:term":[{"taxonomy":"product_brand","embeddable":true,"href":"https:\/\/violetapizpireta.com\/index.php\/wp-json\/wp\/v2\/product_brand?post=2154"},{"taxonomy":"product_cat","embeddable":true,"href":"https:\/\/violetapizpireta.com\/index.php\/wp-json\/wp\/v2\/product_cat?post=2154"},{"taxonomy":"product_tag","embeddable":true,"href":"https:\/\/violetapizpireta.com\/index.php\/wp-json\/wp\/v2\/product_tag?post=2154"}],"curies":[{"name":"wp","href":"https:\/\/api.w.org\/{rel}","templated":true}]}}