{"id":2244,"date":"2024-01-15T00:09:57","date_gmt":"2024-01-15T00:09:57","guid":{"rendered":"https:\/\/violetapizpireta.com\/?post_type=product&#038;p=2244"},"modified":"2025-03-03T02:28:19","modified_gmt":"2025-03-03T02:28:19","slug":"cuadro-neon-led-flex","status":"publish","type":"product","link":"https:\/\/violetapizpireta.com\/index.php\/producto\/cuadro-neon-led-flex\/","title":{"rendered":"Cuadro Ne\u00f3n Led Flex"},"content":{"rendered":"<h1><span style=\"color: #57009a;\">Cuadro Ne\u00f3n Led Flex<\/span><\/h1>\n<p><span style=\"color: #00e7c8;\">Productos Personalizados y Publicitarios<\/span>.<\/p>\n<p><strong>Despu\u00e9s De Realizar Tu Compra, Recuerda Escribirnos Al WhatsApp 3219803681 Para Confirmar Tu Pago, Pedido Y Dise\u00f1o.<\/strong><\/p>\n<p>Si Deseas Compras Al Por Mayor Comun\u00edcate Con Nosotros Para Verificar Cantidades y Realizar La Compra Directa Para Obtener Los Descuentos.<\/p>\n<p><span style=\"color: #00e7c8;\">DETALLE DEL PRODUCTO:<\/span><\/p>\n<p><span style=\"color: #57009a;\">Medidas\/Capacidad (aproximadas):<span style=\"color: #000000;\">\u00a0<\/span><\/span><\/p>\n<p><span style=\"color: #57009a;\">Material: <\/span><span style=\"color: #57009a;\"><span style=\"color: #000000;\">Base en MDF 1cm\/Impresi\u00f3n digital laminada\/Ne\u00f3n led <\/span><\/span><span style=\"color: #000000;\">Flex<\/span><\/p>\n<p><span style=\"color: #57009a;\">Tipo de Marcaci\u00f3n:<span style=\"color: #000000;\"> Impresi\u00f3n Digital<\/span><\/span><\/p>\n<hr \/>\n<h4><span style=\"color: #57009a;\">Precios Mayoristas:<\/span><\/h4>\n<p>PEQUE\u00d1O:<\/p>\n<p>Unidad $ 83.900<\/p>\n<p>Mayor a 6 u $ 75.225c\/u<\/p>\n<p>Mayor a 100 u $50.150c\/u<\/p>\n<p>GRANDE:<\/p>\n<p>Unidad $ 137.200<\/p>\n<p>Mayor a 6 u $ 123.488c\/u<\/p>\n<p>Mayor a 100 u $82.325c\/u<\/p>\n<hr \/>\n<p>En Violeta Pizpireta publicidad y personalizados encuentras regalos y recordatorios para fechas especiales y material publicitario para tus eventos.<\/p>\n<blockquote class=\"tiktok-embed\" cite=\"https:\/\/www.tiktok.com\/@violetapizpireta\/video\/7338532908489133318\" data-video-id=\"7338532908489133318\" data-embed-from=\"oembed\" style=\"max-width:605px; min-width:325px;\">\n<section> <a target=\"_blank\" title=\"@violetapizpireta\" href=\"https:\/\/www.tiktok.com\/@violetapizpireta?refer=embed\" rel=\"noopener\">@violetapizpireta<\/a> <\/p>\n<p>Aviso Fondo negro con Neon Flex, sus letras son en 3D acr\u00edlico blanco. Realizamos avisos en neon glex del color que quieras con el dise\u00f1o que quieras! <a title=\"avisoluminoso\" target=\"_blank\" href=\"https:\/\/www.tiktok.com\/tag\/avisoluminoso?refer=embed\" rel=\"noopener\">#avisoluminoso<\/a> <a title=\"neonflex\" target=\"_blank\" href=\"https:\/\/www.tiktok.com\/tag\/neonflex?refer=embed\" rel=\"noopener\">#neonflex<\/a> <\/p>\n<p> <a target=\"_blank\" title=\"\u266c Cartoon-style piano solo jazz(853970) - motofuji\" href=\"https:\/\/www.tiktok.com\/music\/Cartoon-style-piano-solo-jazz-853970-6873566321871685633?refer=embed\" rel=\"noopener\">\u266c Cartoon-style piano solo jazz(853970) &#8211; motofuji<\/a> <\/section>\n<\/blockquote>\n<p> <script async src=\"https:\/\/www.tiktok.com\/embed.js\"><\/script><\/p>\n<h6><em><span style=\"color: #57009a;\">S\u00edguenos y encuentra mas fotos de los productos.<\/span><\/em><\/h6>\n<p><em>Instagram productos<\/em> <a href=\"https:\/\/www.instagram.com\/violeta_pizpireta?igsh=cGl1cWVodHR6bjJw&amp;utm_source=qr\" target=\"_blank\" rel=\"noopener\">https:\/\/www.instagram.com\/violeta_pizpireta?igsh=cGl1cWVodHR6bjJw&amp;utm_source=qr<\/a><\/p>\n<p><em>Instagram L\u00e1mparas Led<\/em> <a href=\"https:\/\/www.instagram.com\/personaliza_tu_lampara?igsh=cmFyZGNmbml5aTJr&amp;utm_source=qr\" target=\"_blank\" rel=\"noopener\">https:\/\/www.instagram.com\/personaliza_tu_lampara?igsh=cmFyZGNmbml5aTJr&amp;utm_source=qr<\/a><\/p>\n<p><em>TikTok<\/em> <a href=\"https:\/\/www.tiktok.com\/@violetapizpireta?_t=8j0Q0eo8CrV&amp;_r=1\" target=\"_blank\" rel=\"noopener\">https:\/\/www.tiktok.com\/@violetapizpireta?_t=8j0Q0eo8CrV&amp;_r=1<\/a><\/p>\n<p><em>YouTube<\/em> <a href=\"https:\/\/www.youtube.com\/watch?v=sMYvw27Ng2c\" target=\"_blank\" rel=\"noopener\">Violeta Pizpireta Publicidad y Personalizados &#8211; YouTube<\/a><\/p>\n<hr \/>\n<p>No Realizamos Cambios Por Productos Personalizados Ni Devoluci\u00f3n De Dinero. Por Ello Esperamos Confirmaci\u00f3n De Pedido Y Aprobaci\u00f3n De Dise\u00f1o Por Parte Del Cliente. Todos Nuestros Productos Llevan Nuestra Marca: Ya Sea Logotipo, Redes Sociales, Nombre Y\/O WhatsApp. Si Desea Que Nuestra Marca No Aparezca En Los Productos Debe Solicitarlo En El Momento De Realizar El Pago Del Primer 50% De Lo Contrario Se Marcaran Y No Tendr\u00e1n Cambio Ni Devoluci\u00f3n De Dinero.<\/p>\n<p><img loading=\"lazy\" decoding=\"async\" class=\"size-large wp-image-2358\" src=\"https:\/\/violetapizpireta.com\/wp-content\/uploads\/2024\/01\/avisos-neon-flex-precios_Mesa-de-trabajo-1-1024x466.webp\" alt=\"avisos-neon-flex-precios\" width=\"1024\" height=\"466\" srcset=\"https:\/\/violetapizpireta.com\/wp-content\/uploads\/2024\/01\/avisos-neon-flex-precios_Mesa-de-trabajo-1-1024x466.webp 1024w, https:\/\/violetapizpireta.com\/wp-content\/uploads\/2024\/01\/avisos-neon-flex-precios_Mesa-de-trabajo-1-300x137.webp 300w, https:\/\/violetapizpireta.com\/wp-content\/uploads\/2024\/01\/avisos-neon-flex-precios_Mesa-de-trabajo-1-768x350.webp 768w, https:\/\/violetapizpireta.com\/wp-content\/uploads\/2024\/01\/avisos-neon-flex-precios_Mesa-de-trabajo-1-1536x700.webp 1536w, https:\/\/violetapizpireta.com\/wp-content\/uploads\/2024\/01\/avisos-neon-flex-precios_Mesa-de-trabajo-1-2048x933.webp 2048w, https:\/\/violetapizpireta.com\/wp-content\/uploads\/2024\/01\/avisos-neon-flex-precios_Mesa-de-trabajo-1-600x273.webp 600w, https:\/\/violetapizpireta.com\/wp-content\/uploads\/2024\/01\/avisos-neon-flex-precios_Mesa-de-trabajo-1-64x29.webp 64w\" sizes=\"auto, (max-width: 1024px) 100vw, 1024px\" \/><\/p>\n","protected":false},"excerpt":{"rendered":"<p><em>Tu pedido estar\u00e1 listo de 2 a 6 d\u00edas h\u00e1biles (lunes a viernes) a partir de la confirmaci\u00f3n del pago y dise\u00f1o.<\/em><\/p>\n","protected":false},"featured_media":2247,"comment_status":"open","ping_status":"closed","template":"","meta":{"site-sidebar-layout":"default","site-content-layout":"default","ast-global-header-display":"","ast-main-header-display":"","ast-hfb-above-header-display":"","ast-hfb-below-header-display":"","ast-hfb-mobile-header-display":"","site-post-title":"","ast-breadcrumbs-content":"","ast-featured-img":"","footer-sml-layout":"","theme-transparent-header-meta":"default","adv-header-id-meta":"","stick-header-meta":"","header-above-stick-meta":"","header-main-stick-meta":"","header-below-stick-meta":""},"product_brand":[],"product_cat":[36],"product_tag":[240,241,174,185],"class_list":{"0":"post-2244","1":"product","2":"type-product","3":"status-publish","4":"has-post-thumbnail","6":"product_cat-otros","7":"product_tag-cuadro","8":"product_tag-flex","9":"product_tag-led","10":"product_tag-neon","11":"desktop-align-center","12":"tablet-align-left","13":"mobile-align-left","15":"first","16":"instock","17":"taxable","18":"shipping-taxable","19":"purchasable","20":"product-type-variable"},"jetpack_sharing_enabled":true,"_links":{"self":[{"href":"https:\/\/violetapizpireta.com\/index.php\/wp-json\/wp\/v2\/product\/2244","targetHints":{"allow":["GET"]}}],"collection":[{"href":"https:\/\/violetapizpireta.com\/index.php\/wp-json\/wp\/v2\/product"}],"about":[{"href":"https:\/\/violetapizpireta.com\/index.php\/wp-json\/wp\/v2\/types\/product"}],"replies":[{"embeddable":true,"href":"https:\/\/violetapizpireta.com\/index.php\/wp-json\/wp\/v2\/comments?post=2244"}],"wp:featuredmedia":[{"embeddable":true,"href":"https:\/\/violetapizpireta.com\/index.php\/wp-json\/wp\/v2\/media\/2247"}],"wp:attachment":[{"href":"https:\/\/violetapizpireta.com\/index.php\/wp-json\/wp\/v2\/media?parent=2244"}],"wp:term":[{"taxonomy":"product_brand","embeddable":true,"href":"https:\/\/violetapizpireta.com\/index.php\/wp-json\/wp\/v2\/product_brand?post=2244"},{"taxonomy":"product_cat","embeddable":true,"href":"https:\/\/violetapizpireta.com\/index.php\/wp-json\/wp\/v2\/product_cat?post=2244"},{"taxonomy":"product_tag","embeddable":true,"href":"https:\/\/violetapizpireta.com\/index.php\/wp-json\/wp\/v2\/product_tag?post=2244"}],"curies":[{"name":"wp","href":"https:\/\/api.w.org\/{rel}","templated":true}]}}