{"id":225,"date":"2023-01-25T01:10:07","date_gmt":"2023-01-25T01:10:07","guid":{"rendered":"https:\/\/violetapizpireta.com\/?post_type=product&#038;p=225"},"modified":"2025-03-03T03:01:00","modified_gmt":"2025-03-03T03:01:00","slug":"figura-tamano-real-100cm-a-150cm-alto","status":"publish","type":"product","link":"https:\/\/violetapizpireta.com\/index.php\/producto\/figura-tamano-real-100cm-a-150cm-alto\/","title":{"rendered":"Figura Tama\u00f1o Real 100cm A 150cm Alto"},"content":{"rendered":"<h1><span style=\"color: #57009a;\">Figura Tama\u00f1o Real 100cm A 150cm Alto<\/span><\/h1>\n<p><span style=\"color: #00e7c8;\">Productos Personalizados y Publicitarios<\/span>.<\/p>\n<p><strong>Despu\u00e9s De Realizar Tu Compra, Recuerda Escribirnos Al WhatsApp 3219803681 Para Confirmar Tu Pago, Pedido Y Dise\u00f1o.<\/strong><\/p>\n<p>Si Deseas Compras Al Por Mayor Comun\u00edcate Con Nosotros Para Verificar Cantidades y Realizar La Compra Directa Para Obtener Los Descuentos.<\/p>\n<p><span style=\"color: #00e7c8;\">DETALLE DEL PRODUCTO:<\/span><\/p>\n<p><span style=\"color: #57009a;\">Medidas\/Capacidad (aproximadas): <span style=\"color: #000000;\">100cm a 150cm de altura<\/span><\/span><\/p>\n<p><span style=\"color: #57009a;\">Material: <span style=\"color: #000000;\">Cart\u00f3n + Vinilo Adhesivo<\/span><\/span><\/p>\n<p><span style=\"color: #57009a;\">Tipo de Marcaci\u00f3n: <\/span><span style=\"color: #57009a;\"><span style=\"color: #000000;\">Impresi\u00f3n Digital<\/span><\/span><\/p>\n<p>&nbsp;<\/p>\n<p>En Violeta Pizpireta publicidad y personalizados encuentras regalos y recordatorios para fechas especiales y material publicitario para tus eventos.<\/p>\n<h6><em><span style=\"color: #57009a;\">S\u00edguenos y encuentra mas fotos de los productos.<\/span><\/em><\/h6>\n<p><em>Instagram productos<\/em> <a href=\"https:\/\/www.instagram.com\/violeta_pizpireta?igsh=cGl1cWVodHR6bjJw&amp;utm_source=qr\" target=\"_blank\" rel=\"noopener\">https:\/\/www.instagram.com\/violeta_pizpireta?igsh=cGl1cWVodHR6bjJw&amp;utm_source=qr<\/a><\/p>\n<p><em>Instagram L\u00e1mparas Led<\/em> <a href=\"https:\/\/www.instagram.com\/personaliza_tu_lampara?igsh=cmFyZGNmbml5aTJr&amp;utm_source=qr\" target=\"_blank\" rel=\"noopener\">https:\/\/www.instagram.com\/personaliza_tu_lampara?igsh=cmFyZGNmbml5aTJr&amp;utm_source=qr<\/a><\/p>\n<p><em>TikTok<\/em> <a href=\"https:\/\/www.tiktok.com\/@violetapizpireta?_t=8j0Q0eo8CrV&amp;_r=1\" target=\"_blank\" rel=\"noopener\">https:\/\/www.tiktok.com\/@violetapizpireta?_t=8j0Q0eo8CrV&amp;_r=1<\/a><\/p>\n<p><em>YouTube<\/em> <a href=\"https:\/\/www.youtube.com\/watch?v=sMYvw27Ng2c\" target=\"_blank\" rel=\"noopener\">Violeta Pizpireta Publicidad y Personalizados &#8211; YouTube<\/a><\/p>\n<hr \/>\n<p>No Realizamos Cambios Por Productos Personalizados Ni Devoluci\u00f3n De Dinero. Por Ello Esperamos Confirmaci\u00f3n De Pedido Y Aprobaci\u00f3n De Dise\u00f1o Por Parte Del Cliente. Todos Nuestros Productos Llevan Nuestra Marca: Ya Sea Logotipo, Redes Sociales, Nombre Y\/O WhatsApp. Si Desea Que Nuestra Marca No Aparezca En Los Productos Debe Solicitarlo En El Momento De Realizar El Pago Del Primer 50% De Lo Contrario Se Marcaran Y No Tendr\u00e1n Cambio Ni Devoluci\u00f3n De Dinero.<\/p>\n","protected":false},"excerpt":{"rendered":"<p><em>Tu pedido estar\u00e1 listo de 2 a 6 d\u00edas h\u00e1biles (lunes a viernes) a partir de la confirmaci\u00f3n del pago y dise\u00f1o.<\/em><\/p>\n","protected":false},"featured_media":226,"comment_status":"open","ping_status":"closed","template":"","meta":{"site-sidebar-layout":"default","site-content-layout":"default","ast-global-header-display":"","ast-main-header-display":"","ast-hfb-above-header-display":"","ast-hfb-below-header-display":"","ast-hfb-mobile-header-display":"","site-post-title":"","ast-breadcrumbs-content":"","ast-featured-img":"","footer-sml-layout":"","theme-transparent-header-meta":"default","adv-header-id-meta":"","stick-header-meta":"","header-above-stick-meta":"","header-main-stick-meta":"","header-below-stick-meta":""},"product_brand":[],"product_cat":[36],"product_tag":[],"class_list":{"0":"post-225","1":"product","2":"type-product","3":"status-publish","4":"has-post-thumbnail","6":"product_cat-otros","7":"desktop-align-center","8":"tablet-align-left","9":"mobile-align-left","11":"first","12":"instock","13":"taxable","14":"shipping-taxable","15":"purchasable","16":"product-type-simple"},"jetpack_sharing_enabled":true,"_links":{"self":[{"href":"https:\/\/violetapizpireta.com\/index.php\/wp-json\/wp\/v2\/product\/225","targetHints":{"allow":["GET"]}}],"collection":[{"href":"https:\/\/violetapizpireta.com\/index.php\/wp-json\/wp\/v2\/product"}],"about":[{"href":"https:\/\/violetapizpireta.com\/index.php\/wp-json\/wp\/v2\/types\/product"}],"replies":[{"embeddable":true,"href":"https:\/\/violetapizpireta.com\/index.php\/wp-json\/wp\/v2\/comments?post=225"}],"wp:featuredmedia":[{"embeddable":true,"href":"https:\/\/violetapizpireta.com\/index.php\/wp-json\/wp\/v2\/media\/226"}],"wp:attachment":[{"href":"https:\/\/violetapizpireta.com\/index.php\/wp-json\/wp\/v2\/media?parent=225"}],"wp:term":[{"taxonomy":"product_brand","embeddable":true,"href":"https:\/\/violetapizpireta.com\/index.php\/wp-json\/wp\/v2\/product_brand?post=225"},{"taxonomy":"product_cat","embeddable":true,"href":"https:\/\/violetapizpireta.com\/index.php\/wp-json\/wp\/v2\/product_cat?post=225"},{"taxonomy":"product_tag","embeddable":true,"href":"https:\/\/violetapizpireta.com\/index.php\/wp-json\/wp\/v2\/product_tag?post=225"}],"curies":[{"name":"wp","href":"https:\/\/api.w.org\/{rel}","templated":true}]}}