{"id":2536,"date":"2024-03-29T02:49:16","date_gmt":"2024-03-29T02:49:16","guid":{"rendered":"https:\/\/violetapizpireta.com\/?post_type=product&#038;p=2536"},"modified":"2025-06-17T00:54:05","modified_gmt":"2025-06-17T00:54:05","slug":"marca-pagina","status":"publish","type":"product","link":"https:\/\/violetapizpireta.com\/index.php\/producto\/marca-pagina\/","title":{"rendered":"Marca Pagina"},"content":{"rendered":"<h1><span style=\"color: #57009a;\">Marca Pagina<\/span><\/h1>\n<p><span style=\"color: #00e7c8;\">Productos Personalizados y Publicitarios<\/span>.<\/p>\n<p><strong>Despu\u00e9s De Realizar Tu Compra, Recuerda Escribirnos Al WhatsApp 3219803681 Para Confirmar Tu Pago, Pedido Y Dise\u00f1o.<\/strong><\/p>\n<p>Si Deseas Compras Al Por Mayor Comun\u00edcate Con Nosotros Para Verificar Cantidades y Realizar La Compra Directa Para Obtener Los Descuentos.<\/p>\n<p><span style=\"color: #00e7c8;\">DETALLE DEL PRODUCTO:<\/span><\/p>\n<p><span style=\"color: #57009a;\">Medidas (aproximadas):<span style=\"color: #000000;\"> 4cm X 15cm<\/span><\/span><\/p>\n<p><span style=\"color: #57009a;\">Material: <\/span>pasta 2mm<\/p>\n<p><span style=\"color: #57009a;\">Tipo de Marcaci\u00f3n: <span style=\"color: #000000;\">Sublimaci\u00f3n \/ Corte L\u00e1ser<\/span><\/span><\/p>\n<hr \/>\n<h4><span style=\"color: #57009a;\">Precios Mayoristas:\u00a0<\/span><\/h4>\n<p>\ud83d\udc9c1 a 12 unidades $ 4.500 c\/u<\/p>\n<p>\ud83d\udc9c13 a 100 unidades $ 3.408 c\/u<\/p>\n<p>\ud83d\udc9c101\u00a0 a 600 unidades $ 2.556 c\/u<\/p>\n<p>\ud83d\udc9c601\u00a0 a 999 unidades $ 2.130 c\/u<\/p>\n<p>\ud83d\udc9c1.000 + unidades $ 1.704 c\/u<\/p>\n<hr \/>\n<p>En Violeta Pizpireta publicidad y personalizados encuentras regalos y recordatorios para fechas especiales y material publicitario para tus eventos.<\/p>\n<blockquote class=\"tiktok-embed\" cite=\"https:\/\/www.tiktok.com\/@violetapizpireta\/video\/7354811498776038661\" data-video-id=\"7354811498776038661\" data-embed-from=\"oembed\" style=\"max-width:605px; min-width:325px;\">\n<section> <a target=\"_blank\" title=\"@violetapizpireta\" href=\"https:\/\/www.tiktok.com\/@violetapizpireta?refer=embed\" rel=\"noopener\">@violetapizpireta<\/a> <\/p>\n<p><a title=\"marcapaginas\" target=\"_blank\" href=\"https:\/\/www.tiktok.com\/tag\/marcapaginas?refer=embed\" rel=\"noopener\">#marcapaginas<\/a> Dia 5 mostrando nuestros productos! Marca paginas personalizados para <a title=\"souvenir\" target=\"_blank\" href=\"https:\/\/www.tiktok.com\/tag\/souvenir?refer=embed\" rel=\"noopener\">#souvenir<\/a>  Encuentralos en \ud835\udce5\ud835\udcf2\ud835\udcf8\ud835\udcf5\ud835\udcee\ud835\udcfd\ud835\udcea \ud835\udcdf\ud835\udcf2\ud835\udd03\ud835\udcf9\ud835\udcf2\ud835\udcfb\ud835\udcee\ud835\udcfd\ud835\udcea 3\ufe0f\u20e32\ufe0f\u20e31\ufe0f\u20e39\ufe0f\u20e38\ufe0f\u20e30\ufe0f\u20e33\ufe0f\u20e36\ufe0f\u20e38\ufe0f\u20e31\ufe0f\u20e3 <a title=\"diadelamadre\" target=\"_blank\" href=\"https:\/\/www.tiktok.com\/tag\/diadelamadre?refer=embed\" rel=\"noopener\">#diadelamadre<\/a> <a title=\"diadelamujer\" target=\"_blank\" href=\"https:\/\/www.tiktok.com\/tag\/diadelamujer?refer=embed\" rel=\"noopener\">#diadelamujer<\/a> <a title=\"diadelasecretaria\" target=\"_blank\" href=\"https:\/\/www.tiktok.com\/tag\/diadelasecretaria?refer=embed\" rel=\"noopener\">#diadelasecretaria<\/a> <a title=\"diadelmaestro\" target=\"_blank\" href=\"https:\/\/www.tiktok.com\/tag\/diadelmaestro?refer=embed\" rel=\"noopener\">#diadelmaestro<\/a> <a title=\"encuentroempresarial\" target=\"_blank\" href=\"https:\/\/www.tiktok.com\/tag\/encuentroempresarial?refer=embed\" rel=\"noopener\">#encuentroempresarial<\/a> <a title=\"maestra\" target=\"_blank\" href=\"https:\/\/www.tiktok.com\/tag\/maestra?refer=embed\" rel=\"noopener\">#maestra<\/a> <a title=\"profesora\" target=\"_blank\" href=\"https:\/\/www.tiktok.com\/tag\/profesora?refer=embed\" rel=\"noopener\">#profesora<\/a> <a title=\"maestros\" target=\"_blank\" href=\"https:\/\/www.tiktok.com\/tag\/maestros?refer=embed\" rel=\"noopener\">#maestros<\/a> <a title=\"profesores\" target=\"_blank\" href=\"https:\/\/www.tiktok.com\/tag\/profesores?refer=embed\" rel=\"noopener\">#profesores<\/a> <\/p>\n<p> <a target=\"_blank\" title=\"\u266c sonido original - VioletaPizpireta\" href=\"https:\/\/www.tiktok.com\/music\/sonido-original-7354811505213934341?refer=embed\" rel=\"noopener\">\u266c sonido original &#8211; VioletaPizpireta<\/a> <\/section>\n<\/blockquote>\n<p> <script async src=\"https:\/\/www.tiktok.com\/embed.js\"><\/script><\/p>\n<p>&nbsp;<\/p>\n<h6><em><span style=\"color: #57009a;\">S\u00edguenos y encuentra mas fotos de los productos.<\/span><\/em><\/h6>\n<p><em>Instagram productos<\/em> <a href=\"https:\/\/www.instagram.com\/violeta_pizpireta?igsh=cGl1cWVodHR6bjJw&amp;utm_source=qr\" target=\"_blank\" rel=\"noopener\">https:\/\/www.instagram.com\/violeta_pizpireta?igsh=cGl1cWVodHR6bjJw&amp;utm_source=qr<\/a><\/p>\n<p><em>Instagram L\u00e1mparas Led<\/em> <a href=\"https:\/\/www.instagram.com\/personaliza_tu_lampara?igsh=cmFyZGNmbml5aTJr&amp;utm_source=qr\" target=\"_blank\" rel=\"noopener\">https:\/\/www.instagram.com\/personaliza_tu_lampara?igsh=cmFyZGNmbml5aTJr&amp;utm_source=qr<\/a><\/p>\n<p><em>TikTok<\/em> <a href=\"https:\/\/www.tiktok.com\/@violetapizpireta?_t=8j0Q0eo8CrV&amp;_r=1\" target=\"_blank\" rel=\"noopener\">https:\/\/www.tiktok.com\/@violetapizpireta?_t=8j0Q0eo8CrV&amp;_r=1<\/a><\/p>\n<p><em>YouTube<\/em> <a href=\"https:\/\/www.youtube.com\/watch?v=sMYvw27Ng2c\" target=\"_blank\" rel=\"noopener\">Violeta Pizpireta Publicidad y Personalizados &#8211; YouTube<\/a><\/p>\n<hr \/>\n<p>No Realizamos Cambios Por Productos Personalizados Ni Devoluci\u00f3n De Dinero. Por Ello Esperamos Confirmaci\u00f3n De Pedido Y Aprobaci\u00f3n De Dise\u00f1o Por Parte Del Cliente. Todos Nuestros Productos Llevan Nuestra Marca: Ya Sea Logotipo, Redes Sociales, Nombre Y\/O WhatsApp. Si Desea Que Nuestra Marca No Aparezca En Los Productos Debe Solicitarlo En El Momento De Realizar El Pago Del Primer 50% De Lo Contrario Se Marcaran Y No Tendr\u00e1n Cambio Ni Devoluci\u00f3n De Dinero.<\/p>\n","protected":false},"excerpt":{"rendered":"<p><em>Tu pedido estar\u00e1 listo de 2 a 6 d\u00edas h\u00e1biles (lunes a viernes) a partir de la confirmaci\u00f3n del pago y dise\u00f1o.<\/em><\/p>\n<p>\ud83d\udc9c Precios abajo en la descripci\u00f3n.<\/p>\n","protected":false},"featured_media":2537,"comment_status":"open","ping_status":"closed","template":"","meta":{"site-sidebar-layout":"default","site-content-layout":"default","ast-global-header-display":"","ast-main-header-display":"","ast-hfb-above-header-display":"","ast-hfb-below-header-display":"","ast-hfb-mobile-header-display":"","site-post-title":"","ast-breadcrumbs-content":"","ast-featured-img":"","footer-sml-layout":"","theme-transparent-header-meta":"default","adv-header-id-meta":"","stick-header-meta":"","header-above-stick-meta":"","header-main-stick-meta":"","header-below-stick-meta":""},"product_brand":[],"product_cat":[256],"product_tag":[86,255,87],"class_list":{"0":"post-2536","1":"product","2":"type-product","3":"status-publish","4":"has-post-thumbnail","6":"product_cat-recordatorios","7":"product_tag-estampado","8":"product_tag-marca-pagina","9":"product_tag-personalziado","10":"desktop-align-center","11":"tablet-align-left","12":"mobile-align-left","14":"first","15":"instock","16":"taxable","17":"shipping-taxable","18":"purchasable","19":"product-type-simple"},"jetpack_sharing_enabled":true,"_links":{"self":[{"href":"https:\/\/violetapizpireta.com\/index.php\/wp-json\/wp\/v2\/product\/2536","targetHints":{"allow":["GET"]}}],"collection":[{"href":"https:\/\/violetapizpireta.com\/index.php\/wp-json\/wp\/v2\/product"}],"about":[{"href":"https:\/\/violetapizpireta.com\/index.php\/wp-json\/wp\/v2\/types\/product"}],"replies":[{"embeddable":true,"href":"https:\/\/violetapizpireta.com\/index.php\/wp-json\/wp\/v2\/comments?post=2536"}],"wp:featuredmedia":[{"embeddable":true,"href":"https:\/\/violetapizpireta.com\/index.php\/wp-json\/wp\/v2\/media\/2537"}],"wp:attachment":[{"href":"https:\/\/violetapizpireta.com\/index.php\/wp-json\/wp\/v2\/media?parent=2536"}],"wp:term":[{"taxonomy":"product_brand","embeddable":true,"href":"https:\/\/violetapizpireta.com\/index.php\/wp-json\/wp\/v2\/product_brand?post=2536"},{"taxonomy":"product_cat","embeddable":true,"href":"https:\/\/violetapizpireta.com\/index.php\/wp-json\/wp\/v2\/product_cat?post=2536"},{"taxonomy":"product_tag","embeddable":true,"href":"https:\/\/violetapizpireta.com\/index.php\/wp-json\/wp\/v2\/product_tag?post=2536"}],"curies":[{"name":"wp","href":"https:\/\/api.w.org\/{rel}","templated":true}]}}