{"id":2553,"date":"2024-04-02T00:38:30","date_gmt":"2024-04-02T00:38:30","guid":{"rendered":"https:\/\/violetapizpireta.com\/?post_type=product&#038;p=2553"},"modified":"2025-03-03T02:19:23","modified_gmt":"2025-03-03T02:19:23","slug":"figura-de-accion","status":"publish","type":"product","link":"https:\/\/violetapizpireta.com\/index.php\/producto\/figura-de-accion\/","title":{"rendered":"Figura de Acci\u00f3n"},"content":{"rendered":"<h1><span style=\"color: #57009a;\">Figura de Acci\u00f3n<\/span><\/h1>\n<p><span style=\"color: #00e7c8;\">Productos Personalizados y Publicitarios<\/span>.<\/p>\n<p><strong>Despu\u00e9s De Realizar Tu Compra, Recuerda Escribirnos Al WhatsApp 3219803681 Para Confirmar Tu Pago, Pedido Y Dise\u00f1o.<\/strong><\/p>\n<p>Si Deseas Compras Al Por Mayor Comun\u00edcate Con Nosotros Para Verificar Cantidades y Realizar La Compra Directa Para Obtener Los Descuentos.<\/p>\n<p><span style=\"color: #00e7c8;\">DETALLE DEL PRODUCTO:<\/span><\/p>\n<p><span style=\"color: #57009a;\">Medidas (aproximadas):<span style=\"color: #000000;\"> 3mm<\/span><\/span><\/p>\n<p><span style=\"color: #57009a;\">Material: <\/span>acr\u00edlico original<\/p>\n<p><span style=\"color: #57009a;\">Tipo de Marcaci\u00f3n: <span style=\"color: #000000;\">Sublimaci\u00f3n \/ Corte L\u00e1ser<\/span><\/span><\/p>\n<hr \/>\n<h4><span style=\"color: #57009a;\">Precios Mayoristas:\u00a0<\/span><\/h4>\n<p><img loading=\"lazy\" decoding=\"async\" class=\"size-large wp-image-2560\" src=\"https:\/\/violetapizpireta.com\/wp-content\/uploads\/2024\/04\/FIGURA-DE-ACCION-acrilico-full-color-1-cara-o-translucido-1024x466.webp\" alt=\"Figura de Acci\u00f3n\" width=\"1024\" height=\"466\" srcset=\"https:\/\/violetapizpireta.com\/wp-content\/uploads\/2024\/04\/FIGURA-DE-ACCION-acrilico-full-color-1-cara-o-translucido-1024x466.webp 1024w, https:\/\/violetapizpireta.com\/wp-content\/uploads\/2024\/04\/FIGURA-DE-ACCION-acrilico-full-color-1-cara-o-translucido-300x137.webp 300w, https:\/\/violetapizpireta.com\/wp-content\/uploads\/2024\/04\/FIGURA-DE-ACCION-acrilico-full-color-1-cara-o-translucido-768x350.webp 768w, https:\/\/violetapizpireta.com\/wp-content\/uploads\/2024\/04\/FIGURA-DE-ACCION-acrilico-full-color-1-cara-o-translucido-1536x700.webp 1536w, https:\/\/violetapizpireta.com\/wp-content\/uploads\/2024\/04\/FIGURA-DE-ACCION-acrilico-full-color-1-cara-o-translucido-2048x933.webp 2048w, https:\/\/violetapizpireta.com\/wp-content\/uploads\/2024\/04\/FIGURA-DE-ACCION-acrilico-full-color-1-cara-o-translucido-600x273.webp 600w, https:\/\/violetapizpireta.com\/wp-content\/uploads\/2024\/04\/FIGURA-DE-ACCION-acrilico-full-color-1-cara-o-translucido-64x29.webp 64w\" sizes=\"auto, (max-width: 1024px) 100vw, 1024px\" \/><\/p>\n<hr \/>\n<p>En Violeta Pizpireta publicidad y personalizados encuentras regalos y recordatorios para fechas especiales y material publicitario para tus eventos.<\/p>\n<blockquote class=\"tiktok-embed\" cite=\"https:\/\/www.tiktok.com\/@violetapizpireta\/video\/7338077223632604422\" data-video-id=\"7338077223632604422\" data-embed-from=\"oembed\" style=\"max-width:605px; min-width:325px;\">\n<section> <a target=\"_blank\" title=\"@violetapizpireta\" href=\"https:\/\/www.tiktok.com\/@violetapizpireta?refer=embed\" rel=\"noopener\">@violetapizpireta<\/a> <\/p>\n<p>Figuras de accion personalizadas este pedido fue de my melody kuromi nezuko luffy y zoro pero puedes solocitar el anime que quieras! <a title=\"figuradeaccion\" target=\"_blank\" href=\"https:\/\/www.tiktok.com\/tag\/figuradeaccion?refer=embed\" rel=\"noopener\">#figuradeaccion<\/a> <a title=\"mymelody\" target=\"_blank\" href=\"https:\/\/www.tiktok.com\/tag\/mymelody?refer=embed\" rel=\"noopener\">#mymelody<\/a> <a title=\"kuromi\" target=\"_blank\" href=\"https:\/\/www.tiktok.com\/tag\/kuromi?refer=embed\" rel=\"noopener\">#kuromi<\/a> <a title=\"nezuko\" target=\"_blank\" href=\"https:\/\/www.tiktok.com\/tag\/nezuko?refer=embed\" rel=\"noopener\">#nezuko<\/a> <a title=\"luffy\" target=\"_blank\" href=\"https:\/\/www.tiktok.com\/tag\/luffy?refer=embed\" rel=\"noopener\">#luffy<\/a> <a title=\"zorororonoa\" target=\"_blank\" href=\"https:\/\/www.tiktok.com\/tag\/zorororonoa?refer=embed\" rel=\"noopener\">#zorororonoa<\/a> <a title=\"hellokitty\" target=\"_blank\" href=\"https:\/\/www.tiktok.com\/tag\/hellokitty?refer=embed\" rel=\"noopener\">#hellokitty<\/a> <a title=\"demonslayer\" target=\"_blank\" href=\"https:\/\/www.tiktok.com\/tag\/demonslayer?refer=embed\" rel=\"noopener\">#demonslayer<\/a> <a title=\"onepiece\" target=\"_blank\" href=\"https:\/\/www.tiktok.com\/tag\/onepiece?refer=embed\" rel=\"noopener\">#onepiece<\/a> <\/p>\n<p> <a target=\"_blank\" title=\"\u266c sonido original - VioletaPizpireta\" href=\"https:\/\/www.tiktok.com\/music\/sonido-original-7338077257165785861?refer=embed\" rel=\"noopener\">\u266c sonido original &#8211; VioletaPizpireta<\/a> <\/section>\n<\/blockquote>\n<p> <script async src=\"https:\/\/www.tiktok.com\/embed.js\"><\/script><\/p>\n<p>&nbsp;<\/p>\n<h6><em><span style=\"color: #57009a;\">S\u00edguenos y encuentra mas fotos de los productos.<\/span><\/em><\/h6>\n<p><em>Instagram productos<\/em> <a href=\"https:\/\/www.instagram.com\/violeta_pizpireta?igsh=cGl1cWVodHR6bjJw&amp;utm_source=qr\" target=\"_blank\" rel=\"noopener\">https:\/\/www.instagram.com\/violeta_pizpireta?igsh=cGl1cWVodHR6bjJw&amp;utm_source=qr<\/a><\/p>\n<p><em>Instagram L\u00e1mparas Led<\/em> <a href=\"https:\/\/www.instagram.com\/personaliza_tu_lampara?igsh=cmFyZGNmbml5aTJr&amp;utm_source=qr\" target=\"_blank\" rel=\"noopener\">https:\/\/www.instagram.com\/personaliza_tu_lampara?igsh=cmFyZGNmbml5aTJr&amp;utm_source=qr<\/a><\/p>\n<p><em>TikTok<\/em> <a href=\"https:\/\/www.tiktok.com\/@violetapizpireta?_t=8j0Q0eo8CrV&amp;_r=1\" target=\"_blank\" rel=\"noopener\">https:\/\/www.tiktok.com\/@violetapizpireta?_t=8j0Q0eo8CrV&amp;_r=1<\/a><\/p>\n<p><em>YouTube<\/em> <a href=\"https:\/\/www.youtube.com\/watch?v=sMYvw27Ng2c\" target=\"_blank\" rel=\"noopener\">Violeta Pizpireta Publicidad y Personalizados &#8211; YouTube<\/a><\/p>\n<hr \/>\n<p>No Realizamos Cambios Por Productos Personalizados Ni Devoluci\u00f3n De Dinero. Por Ello Esperamos Confirmaci\u00f3n De Pedido Y Aprobaci\u00f3n De Dise\u00f1o Por Parte Del Cliente. Todos Nuestros Productos Llevan Nuestra Marca: Ya Sea Logotipo, Redes Sociales, Nombre Y\/O WhatsApp. Si Desea Que Nuestra Marca No Aparezca En Los Productos Debe Solicitarlo En El Momento De Realizar El Pago Del Primer 50% De Lo Contrario Se Marcaran Y No Tendr\u00e1n Cambio Ni Devoluci\u00f3n De Dinero.<\/p>\n","protected":false},"excerpt":{"rendered":"<p><em>Tu pedido estar\u00e1 listo de 2 a 6 d\u00edas h\u00e1biles (lunes a viernes) a partir de la confirmaci\u00f3n del pago y dise\u00f1o.<\/em><\/p>\n","protected":false},"featured_media":2554,"comment_status":"open","ping_status":"closed","template":"","meta":{"site-sidebar-layout":"default","site-content-layout":"default","ast-global-header-display":"","ast-main-header-display":"","ast-hfb-above-header-display":"","ast-hfb-below-header-display":"","ast-hfb-mobile-header-display":"","site-post-title":"","ast-breadcrumbs-content":"","ast-featured-img":"","footer-sml-layout":"","theme-transparent-header-meta":"default","adv-header-id-meta":"","stick-header-meta":"","header-above-stick-meta":"","header-main-stick-meta":"","header-below-stick-meta":""},"product_brand":[],"product_cat":[256],"product_tag":[86,257,87],"class_list":{"0":"post-2553","1":"product","2":"type-product","3":"status-publish","4":"has-post-thumbnail","6":"product_cat-recordatorios","7":"product_tag-estampado","8":"product_tag-figura-de-accion","9":"product_tag-personalziado","10":"desktop-align-center","11":"tablet-align-left","12":"mobile-align-left","14":"first","15":"instock","16":"taxable","17":"shipping-taxable","18":"purchasable","19":"product-type-simple"},"jetpack_sharing_enabled":true,"_links":{"self":[{"href":"https:\/\/violetapizpireta.com\/index.php\/wp-json\/wp\/v2\/product\/2553","targetHints":{"allow":["GET"]}}],"collection":[{"href":"https:\/\/violetapizpireta.com\/index.php\/wp-json\/wp\/v2\/product"}],"about":[{"href":"https:\/\/violetapizpireta.com\/index.php\/wp-json\/wp\/v2\/types\/product"}],"replies":[{"embeddable":true,"href":"https:\/\/violetapizpireta.com\/index.php\/wp-json\/wp\/v2\/comments?post=2553"}],"wp:featuredmedia":[{"embeddable":true,"href":"https:\/\/violetapizpireta.com\/index.php\/wp-json\/wp\/v2\/media\/2554"}],"wp:attachment":[{"href":"https:\/\/violetapizpireta.com\/index.php\/wp-json\/wp\/v2\/media?parent=2553"}],"wp:term":[{"taxonomy":"product_brand","embeddable":true,"href":"https:\/\/violetapizpireta.com\/index.php\/wp-json\/wp\/v2\/product_brand?post=2553"},{"taxonomy":"product_cat","embeddable":true,"href":"https:\/\/violetapizpireta.com\/index.php\/wp-json\/wp\/v2\/product_cat?post=2553"},{"taxonomy":"product_tag","embeddable":true,"href":"https:\/\/violetapizpireta.com\/index.php\/wp-json\/wp\/v2\/product_tag?post=2553"}],"curies":[{"name":"wp","href":"https:\/\/api.w.org\/{rel}","templated":true}]}}