{"id":339,"date":"2023-01-26T02:38:18","date_gmt":"2023-01-26T02:38:18","guid":{"rendered":"https:\/\/violetapizpireta.com\/?post_type=product&#038;p=339"},"modified":"2025-03-03T02:57:40","modified_gmt":"2025-03-03T02:57:40","slug":"atrapasuenos-mandala-mdf","status":"publish","type":"product","link":"https:\/\/violetapizpireta.com\/index.php\/producto\/atrapasuenos-mandala-mdf\/","title":{"rendered":"Atrapasue\u00f1os Mandala MDF con Kit para Pintar"},"content":{"rendered":"<h3><span style=\"color: #57009a;\">Atrapasue\u00f1os Mandala MDF con Kit para Pintar<\/span><\/h3>\n<p><span style=\"color: #00e7c8;\">Producto NO personalizable.<\/span><\/p>\n<p>Atrapasue\u00f1os en MDF con dise\u00f1o m\u00e1ndala para pintar a tu gusto.<\/p>\n<p>4 dise\u00f1os disponibles.<\/p>\n<p>Las cintas pueden cambiar de color seg\u00fan disponibilidad.<\/p>\n<h6><span style=\"color: #57009a;\"><em>Despu\u00e9s de realizar tu compra, recuerda escribirnos al WhatsApp para confirmar tu pago, pedido y dise\u00f1o.<\/em><\/span><\/h6>\n<p><em>Si deseas compras al por mayor (6 unidades o m\u00e1s) comun\u00edcate con nosotros.<\/em><\/p>\n<h5><span style=\"color: #57009a;\">Detalle del producto:<\/span><\/h5>\n<p><span style=\"color: #57009a;\"><strong>Incluye:<\/strong><\/span><\/p>\n<p><span style=\"color: #57009a;\">1 Atrapasue\u00f1os dise\u00f1o mandala<\/span><\/p>\n<p><span style=\"color: #57009a;\">5 Vinilos de 10g c\/u<\/span><\/p>\n<p><span style=\"color: #57009a;\">2 Pinceles<\/span><\/p>\n<p><span style=\"color: #57009a;\">1 Paleta pl\u00e1stica<\/span><\/p>\n<p><span style=\"color: #57009a;\"><strong>Material:<\/strong><\/span><\/p>\n<p><span style=\"color: #57009a;\">Madera MDF<\/span><\/p>\n<p><span style=\"color: #57009a;\">Cintas en tela color disponible.<\/span><\/p>\n<p><span style=\"color: #57009a;\"><strong>Dise\u00f1o:<\/strong><\/span><\/p>\n<p><span style=\"color: #57009a;\">4 dise\u00f1os disponibles.<\/span><\/p>\n<p>&nbsp;<\/p>\n<p><em>S\u00edguenos y descubre m\u00e1s fotos del producto!<\/em><\/p>\n<p><a href=\"https:\/\/www.instagram.com\/violeta_pizpireta\/\" target=\"_blank\" rel=\"noopener\" data-wp-editing=\"1\"><img loading=\"lazy\" decoding=\"async\" class=\"alignnone wp-image-1647\" src=\"https:\/\/hdspersonalizados.com\/wp-content\/uploads\/2022\/02\/insta-300x300.png\" alt=\"instagram\" width=\"60\" height=\"60\" \/>violeta_pizpireta<\/a><\/p>\n","protected":false},"excerpt":{"rendered":"<p><em>Tu pedido estar\u00e1 listo de 2 a 6 d\u00edas h\u00e1biles (lunes a viernes) a partir de la confirmaci\u00f3n del pago y dise\u00f1o.<\/em><\/p>\n","protected":false},"featured_media":340,"comment_status":"open","ping_status":"closed","template":"","meta":{"site-sidebar-layout":"default","site-content-layout":"default","ast-global-header-display":"","ast-main-header-display":"","ast-hfb-above-header-display":"","ast-hfb-below-header-display":"","ast-hfb-mobile-header-display":"","site-post-title":"","ast-breadcrumbs-content":"","ast-featured-img":"","footer-sml-layout":"","theme-transparent-header-meta":"default","adv-header-id-meta":"","stick-header-meta":"","header-above-stick-meta":"","header-main-stick-meta":"","header-below-stick-meta":""},"product_brand":[],"product_cat":[36],"product_tag":[],"class_list":{"0":"post-339","1":"product","2":"type-product","3":"status-publish","4":"has-post-thumbnail","6":"product_cat-otros","7":"desktop-align-center","8":"tablet-align-left","9":"mobile-align-left","11":"first","12":"instock","13":"taxable","14":"shipping-taxable","15":"purchasable","16":"product-type-simple"},"jetpack_sharing_enabled":true,"_links":{"self":[{"href":"https:\/\/violetapizpireta.com\/index.php\/wp-json\/wp\/v2\/product\/339","targetHints":{"allow":["GET"]}}],"collection":[{"href":"https:\/\/violetapizpireta.com\/index.php\/wp-json\/wp\/v2\/product"}],"about":[{"href":"https:\/\/violetapizpireta.com\/index.php\/wp-json\/wp\/v2\/types\/product"}],"replies":[{"embeddable":true,"href":"https:\/\/violetapizpireta.com\/index.php\/wp-json\/wp\/v2\/comments?post=339"}],"wp:featuredmedia":[{"embeddable":true,"href":"https:\/\/violetapizpireta.com\/index.php\/wp-json\/wp\/v2\/media\/340"}],"wp:attachment":[{"href":"https:\/\/violetapizpireta.com\/index.php\/wp-json\/wp\/v2\/media?parent=339"}],"wp:term":[{"taxonomy":"product_brand","embeddable":true,"href":"https:\/\/violetapizpireta.com\/index.php\/wp-json\/wp\/v2\/product_brand?post=339"},{"taxonomy":"product_cat","embeddable":true,"href":"https:\/\/violetapizpireta.com\/index.php\/wp-json\/wp\/v2\/product_cat?post=339"},{"taxonomy":"product_tag","embeddable":true,"href":"https:\/\/violetapizpireta.com\/index.php\/wp-json\/wp\/v2\/product_tag?post=339"}],"curies":[{"name":"wp","href":"https:\/\/api.w.org\/{rel}","templated":true}]}}