{"id":361,"date":"2023-01-26T03:19:48","date_gmt":"2023-01-26T03:19:48","guid":{"rendered":"https:\/\/violetapizpireta.com\/?post_type=product&#038;p=361"},"modified":"2025-06-17T03:24:11","modified_gmt":"2025-06-17T03:24:11","slug":"trofeos-acrilico","status":"publish","type":"product","link":"https:\/\/violetapizpireta.com\/index.php\/producto\/trofeos-acrilico\/","title":{"rendered":"Trofeos Acr\u00edlico Grabado"},"content":{"rendered":"<h3><span style=\"color: #57009a;\">Trofeo Grabado Acr\u00edlico transparente<\/span><\/h3>\n<p><span style=\"color: #00e7c8;\">Producto personalizado con el dise\u00f1o, texto y logotipos o escudos que desees.<\/span><\/p>\n<h6><\/h6>\n<h6><span style=\"color: #57009a;\"><em>Despu\u00e9s de realizar tu compra, recuerda escribirnos al WhatsApp para confirmar tu pago, pedido y dise\u00f1o.<\/em><\/span><\/h6>\n<p><em>Si deseas compras al por mayor (6 unidades o m\u00e1s) comun\u00edcate con nosotros.<\/em><\/p>\n<h5><span style=\"color: #57009a;\">Detalle del producto:<\/span><\/h5>\n<h4><span style=\"color: #ff0000;\"><strong>Descarga tu PDF de precios 2025 o solic\u00edtalos al WhatsApp<\/strong><\/span><\/h4>\n<h3><a href=\"https:\/\/drive.google.com\/file\/d\/1lB9ockFXJXW8L1F6J3KUa3VxE0Ozv6cw\/view?usp=sharing\" target=\"_blank\" rel=\"noopener\"><span style=\"color: #ff0000;\">DESCARGAR<\/span><\/a><\/h3>\n<p><span style=\"color: #57009a;\"><strong>Material:<\/strong><\/span><\/p>\n<p><span style=\"color: #57009a;\">Acr\u00edlico 1 capa cristal transparente 3mm o 5mm<\/span><\/p>\n<p><span style=\"color: #57009a;\"><strong>Tama\u00f1o:<\/strong><\/span><\/p>\n<p><span style=\"color: #57009a;\">10cm, 12cm, 15cm, 18cm, 20cm\u00a0 y 22cm.<\/span><\/p>\n<p><span style=\"color: #57009a;\">Si deseas un tama\u00f1o o dise\u00f1o en especial comun\u00edcate.<\/span><\/p>\n<p><span style=\"color: #57009a;\"><strong>Dise\u00f1o:<\/strong><\/span><\/p>\n<p><span style=\"color: #57009a;\">Realizamos el dise\u00f1o seg\u00fan tu necesidad. O puedes enviar tu dise\u00f1o en formato .AI<\/span><\/p>\n<p>&nbsp;<\/p>\n<p>En Violeta Pizpireta publicidad y personalizados encuentras regalos y recordatorios para fechas especiales y material publicitario para tus eventos.<\/p>\n<blockquote class=\"tiktok-embed\" cite=\"https:\/\/www.tiktok.com\/@violetapizpireta\/video\/7359796406401535237\" data-video-id=\"7359796406401535237\" data-embed-from=\"oembed\" style=\"max-width:605px; min-width:325px;\">\n<section> <a target=\"_blank\" title=\"@violetapizpireta\" href=\"https:\/\/www.tiktok.com\/@violetapizpireta?refer=embed\" rel=\"noopener\">@violetapizpireta<\/a> <\/p>\n<p>Dia 10 mostrando nuestros productos TROFEOS  personalizados para toda ocacion Violetapizpireta.com 3\ufe0f\u20e32\ufe0f\u20e31\ufe0f\u20e39\ufe0f\u20e38\ufe0f\u20e30\ufe0f\u20e33\ufe0f\u20e36\ufe0f\u20e38\ufe0f\u20e31\ufe0f\u20e3 <a title=\"trofeo\" target=\"_blank\" href=\"https:\/\/www.tiktok.com\/tag\/trofeo?refer=embed\" rel=\"noopener\">#trofeo<\/a> <a title=\"campeonato\" target=\"_blank\" href=\"https:\/\/www.tiktok.com\/tag\/campeonato?refer=embed\" rel=\"noopener\">#campeonato<\/a> <a title=\"campeon\" target=\"_blank\" href=\"https:\/\/www.tiktok.com\/tag\/campeon?refer=embed\" rel=\"noopener\">#campeon<\/a> <a title=\"primerpuesto\" target=\"_blank\" href=\"https:\/\/www.tiktok.com\/tag\/primerpuesto?refer=embed\" rel=\"noopener\">#primerpuesto<\/a> <a title=\"bogota\" target=\"_blank\" href=\"https:\/\/www.tiktok.com\/tag\/bogota?refer=embed\" rel=\"noopener\">#bogota<\/a> <a title=\"colombia\" target=\"_blank\" href=\"https:\/\/www.tiktok.com\/tag\/colombia?refer=embed\" rel=\"noopener\">#colombia<\/a> <\/p>\n<p> <a target=\"_blank\" title=\"\u266c sonido original - VioletaPizpireta\" href=\"https:\/\/www.tiktok.com\/music\/sonido-original-7359796520093420293?refer=embed\" rel=\"noopener\">\u266c sonido original &#8211; VioletaPizpireta<\/a> <\/section>\n<\/blockquote>\n<p> <script async src=\"https:\/\/www.tiktok.com\/embed.js\"><\/script><\/p>\n<p>&nbsp;<\/p>\n<h6><em><span style=\"color: #57009a;\">S\u00edguenos y encuentra mas fotos de los productos.<\/span><\/em><\/h6>\n<p>&nbsp;<\/p>\n<p><em>Instagram productos<\/em> <a href=\"https:\/\/www.instagram.com\/violeta_pizpireta?igsh=cGl1cWVodHR6bjJw&amp;utm_source=qr\" target=\"_blank\" rel=\"noopener\">https:\/\/www.instagram.com\/violeta_pizpireta?igsh=cGl1cWVodHR6bjJw&amp;utm_source=qr<\/a><\/p>\n<p><em>Instagram L\u00e1mparas Led<\/em> <a href=\"https:\/\/www.instagram.com\/personaliza_tu_lampara?igsh=cmFyZGNmbml5aTJr&amp;utm_source=qr\" target=\"_blank\" rel=\"noopener\">https:\/\/www.instagram.com\/personaliza_tu_lampara?igsh=cmFyZGNmbml5aTJr&amp;utm_source=qr<\/a><\/p>\n<p><em>TikTok<\/em> <a href=\"https:\/\/www.tiktok.com\/@violetapizpireta?_t=8j0Q0eo8CrV&amp;_r=1\" target=\"_blank\" rel=\"noopener\">https:\/\/www.tiktok.com\/@violetapizpireta?_t=8j0Q0eo8CrV&amp;_r=1<\/a><\/p>\n<p><em>YouTube<\/em> <a href=\"https:\/\/www.youtube.com\/watch?v=sMYvw27Ng2c\" target=\"_blank\" rel=\"noopener\">Violeta Pizpireta Publicidad y Personalizados &#8211; YouTube<\/a><\/p>\n<hr \/>\n<p>No Realizamos Cambios Por Productos Personalizados Ni Devoluci\u00f3n De Dinero. Por Ello Esperamos Confirmaci\u00f3n De Pedido Y Aprobaci\u00f3n De Dise\u00f1o Por Parte Del Cliente. Todos Nuestros Productos Llevan Nuestra Marca: Ya Sea Logotipo, Redes Sociales, Nombre Y\/O WhatsApp. Si Desea Que Nuestra Marca No Aparezca En Los Productos Debe Solicitarlo En El Momento De Realizar El Pago Del Primer 50% De Lo Contrario Se Marcaran Y No Tendr\u00e1n Cambio Ni Devoluci\u00f3n De Dinero.<\/p>\n<p>&nbsp;<\/p>\n<p>&nbsp;<\/p>\n<p>&nbsp;<\/p>\n","protected":false},"excerpt":{"rendered":"<p>\ud83d\udc9c <strong>Precios abajo en la descripci\u00f3n<\/strong><\/p>\n","protected":false},"featured_media":1851,"comment_status":"open","ping_status":"closed","template":"","meta":{"site-sidebar-layout":"default","site-content-layout":"default","ast-global-header-display":"","ast-main-header-display":"","ast-hfb-above-header-display":"","ast-hfb-below-header-display":"","ast-hfb-mobile-header-display":"","site-post-title":"","ast-breadcrumbs-content":"","ast-featured-img":"","footer-sml-layout":"","theme-transparent-header-meta":"default","adv-header-id-meta":"","stick-header-meta":"","header-above-stick-meta":"","header-main-stick-meta":"","header-below-stick-meta":""},"product_brand":[],"product_cat":[30],"product_tag":[62,118,117],"class_list":{"0":"post-361","1":"product","2":"type-product","3":"status-publish","4":"has-post-thumbnail","6":"product_cat-medallas-y-trofeos","7":"product_tag-acrilico","8":"product_tag-reconocimiento","9":"product_tag-trofeo","10":"desktop-align-center","11":"tablet-align-left","12":"mobile-align-left","14":"first","15":"instock","16":"taxable","17":"shipping-taxable","18":"purchasable","19":"product-type-simple"},"jetpack_sharing_enabled":true,"_links":{"self":[{"href":"https:\/\/violetapizpireta.com\/index.php\/wp-json\/wp\/v2\/product\/361","targetHints":{"allow":["GET"]}}],"collection":[{"href":"https:\/\/violetapizpireta.com\/index.php\/wp-json\/wp\/v2\/product"}],"about":[{"href":"https:\/\/violetapizpireta.com\/index.php\/wp-json\/wp\/v2\/types\/product"}],"replies":[{"embeddable":true,"href":"https:\/\/violetapizpireta.com\/index.php\/wp-json\/wp\/v2\/comments?post=361"}],"wp:featuredmedia":[{"embeddable":true,"href":"https:\/\/violetapizpireta.com\/index.php\/wp-json\/wp\/v2\/media\/1851"}],"wp:attachment":[{"href":"https:\/\/violetapizpireta.com\/index.php\/wp-json\/wp\/v2\/media?parent=361"}],"wp:term":[{"taxonomy":"product_brand","embeddable":true,"href":"https:\/\/violetapizpireta.com\/index.php\/wp-json\/wp\/v2\/product_brand?post=361"},{"taxonomy":"product_cat","embeddable":true,"href":"https:\/\/violetapizpireta.com\/index.php\/wp-json\/wp\/v2\/product_cat?post=361"},{"taxonomy":"product_tag","embeddable":true,"href":"https:\/\/violetapizpireta.com\/index.php\/wp-json\/wp\/v2\/product_tag?post=361"}],"curies":[{"name":"wp","href":"https:\/\/api.w.org\/{rel}","templated":true}]}}