{"id":659,"date":"2023-01-26T21:49:44","date_gmt":"2023-01-26T21:49:44","guid":{"rendered":"https:\/\/violetapizpireta.com\/?post_type=product&#038;p=659"},"modified":"2025-03-03T02:55:30","modified_gmt":"2025-03-03T02:55:30","slug":"scrabble-juego-de-mesa","status":"publish","type":"product","link":"https:\/\/violetapizpireta.com\/index.php\/producto\/scrabble-juego-de-mesa\/","title":{"rendered":"Scrabble"},"content":{"rendered":"<h1><span style=\"color: #57009a;\">Scrabble + Tablero + Caja<\/span><\/h1>\n<p><span style=\"color: #00e7c8;\">Productos Personalizados y Publicitarios<\/span>.<\/p>\n<p><strong>Despu\u00e9s De Realizar Tu Compra, Recuerda Escribirnos Al WhatsApp 3219803681 Para Confirmar Tu Pago, Pedido Y Dise\u00f1o.<\/strong><\/p>\n<p>Si Deseas Compras Al Por Mayor Comun\u00edcate Con Nosotros Para Verificar Cantidades y Realizar La Compra Directa Para Obtener Los Descuentos.<\/p>\n<p><span style=\"color: #00e7c8;\">DETALLE DEL PRODUCTO:<\/span><\/p>\n<p><span style=\"color: #57009a;\">Medidas\/Capacidad (aproximadas): <span style=\"color: #000000;\">20cm (Tablero)<\/span><\/span><\/p>\n<p><span style=\"color: #57009a;\">Material: <span style=\"color: #000000;\">mdf<\/span><\/span><\/p>\n<p><span style=\"color: #57009a;\">Tipo de Marcaci\u00f3n: <span style=\"color: #000000;\">Corte y Grabado Laser<\/span><\/span><\/p>\n<p>Las ediciones del idioma\u00a0<a title=\"Idioma espa\u00f1ol\" href=\"https:\/\/es.wikipedia.org\/wiki\/Idioma_espa%C3%B1ol\" target=\"_blank\" rel=\"noopener\">castellano<\/a>\u00a0fuera de Norteam\u00e9rica usan las siguientes 100 piezas:<\/p>\n<ul>\n<li>2 comodines (0 puntos)<\/li>\n<li><i>1 punto<\/i>:\u00a0<b>A<\/b>\u00a0<small>\u00d712<\/small>,\u00a0<b>E<\/b>\u00a0<small>\u00d712<\/small>,\u00a0<b>I<\/b>\u00a0<small>\u00d76<\/small>,\u00a0<b>L<\/b>\u00a0<small>\u00d74<\/small>,\u00a0<b>N<\/b>\u00a0<small>\u00d75<\/small>,\u00a0<b>O<\/b>\u00a0<small>\u00d79<\/small>,\u00a0<b>R<\/b>\u00a0<small>\u00d75<\/small>,\u00a0<b>S<\/b>\u00a0<small>\u00d76<\/small>,\u00a0<b>T<\/b>\u00a0<small>\u00d74<\/small>,\u00a0<b>U<\/b>\u00a0<small>\u00d75<\/small><\/li>\n<li><i>2 puntos<\/i>:\u00a0<b>D<\/b>\u00a0<small>\u00d75<\/small>,\u00a0<b>G<\/b>\u00a0<small>\u00d72<\/small><\/li>\n<li><i>3 puntos<\/i>:\u00a0<b>B<\/b>\u00a0<small>\u00d72<\/small>,\u00a0<b>C<\/b>\u00a0<small>\u00d74<\/small>,\u00a0<b>M<\/b>\u00a0<small>\u00d72<\/small>,\u00a0<b>P<\/b>\u00a0<small>\u00d72<\/small><\/li>\n<li><i>4 puntos<\/i>:\u00a0<b>F<\/b>\u00a0<small>\u00d71<\/small>,\u00a0<b>H<\/b>\u00a0<small>\u00d72<\/small>,\u00a0<b>V<\/b>\u00a0<small>\u00d71<\/small>,\u00a0<b>Y<\/b>\u00a0<small>\u00d71<\/small><\/li>\n<li><i>5 puntos<\/i>:\u00a0<b>Ch<\/b>\u00a0<small>\u00d71<\/small>,\u00a0<b>Q<\/b>\u00a0<small>\u00d71<\/small><\/li>\n<li><i>8 puntos<\/i>:\u00a0<b>J<\/b>\u00a0<small>\u00d71<\/small>,\u00a0<b>LL<\/b>\u00a0<small>\u00d71<\/small>,\u00a0<b>\u00d1<\/b>\u00a0<small>\u00d71<\/small>,\u00a0<b>RR<\/b>\u00a0<small>\u00d71<\/small>,\u00a0<b>X<\/b>\u00a0<small>\u00d71<\/small><\/li>\n<li><i>10 puntos<\/i>:\u00a0<b>Z<\/b>\u00a0<small>\u00d71<\/small><\/li>\n<\/ul>\n<p>Se omiten la\u00a0<a title=\"K\" href=\"https:\/\/es.wikipedia.org\/wiki\/K\" target=\"_blank\" rel=\"noopener\">K<\/a>\u00a0y la\u00a0<a title=\"W\" href=\"https:\/\/es.wikipedia.org\/wiki\/W\" target=\"_blank\" rel=\"noopener\">W<\/a>\u00a0ya que no son corrientes en el idioma (seg\u00fan la\u00a0<i>FISE<\/i>, no se pueden usar comodines en su lugar).<sup id=\"cite_ref-1\" class=\"reference separada\"><a href=\"https:\/\/es.wikipedia.org\/wiki\/Distribuci%C3%B3n_de_las_letras_en_el_Scrabble#cite_note-1\" target=\"_blank\" rel=\"noopener\">1<\/a><\/sup>\u200b No se incluyen acentos.<\/p>\n<p>El uso de una C y una H en lugar de la CH, dos L para la LL, o dos R para la RR no est\u00e1 permitido en el Scrabble en castellano.<\/p>\n<p><span style=\"color: #57009a;\"><strong>Incluye:<\/strong><\/span><\/p>\n<p>100 piezas<\/p>\n<p>4 Bases para jugador<\/p>\n<p>Tablero armable<\/p>\n<p>Caja para guardar<\/p>\n<p><span style=\"color: #57009a;\">Precios Mayoristas:<\/span><\/p>\n<p>Unidad $ 32.200<\/p>\n<p>Mayor a 6 u $ 28.982 c\/u<\/p>\n<p>Mayor a 100 u $ 19.322 c\/u<\/p>\n<p>En Violeta Pizpireta publicidad y personalizados encuentras regalos y recordatorios para fechas especiales y material publicitario para tus eventos.<\/p>\n<h6><em><span style=\"color: #57009a;\">S\u00edguenos y encuentra mas fotos de los productos.<\/span><\/em><\/h6>\n<p><em>Instagram productos<\/em> <a href=\"https:\/\/www.instagram.com\/violeta_pizpireta?igsh=cGl1cWVodHR6bjJw&amp;utm_source=qr\" target=\"_blank\" rel=\"noopener\">https:\/\/www.instagram.com\/violeta_pizpireta?igsh=cGl1cWVodHR6bjJw&amp;utm_source=qr<\/a><\/p>\n<p><em>Instagram L\u00e1mparas Led<\/em> <a href=\"https:\/\/www.instagram.com\/personaliza_tu_lampara?igsh=cmFyZGNmbml5aTJr&amp;utm_source=qr\" target=\"_blank\" rel=\"noopener\">https:\/\/www.instagram.com\/personaliza_tu_lampara?igsh=cmFyZGNmbml5aTJr&amp;utm_source=qr<\/a><\/p>\n<p><em>TikTok<\/em> <a href=\"https:\/\/www.tiktok.com\/@violetapizpireta?_t=8j0Q0eo8CrV&amp;_r=1\" target=\"_blank\" rel=\"noopener\">https:\/\/www.tiktok.com\/@violetapizpireta?_t=8j0Q0eo8CrV&amp;_r=1<\/a><\/p>\n<p><em>YouTube<\/em> <a href=\"https:\/\/www.youtube.com\/watch?v=sMYvw27Ng2c\" target=\"_blank\" rel=\"noopener\">Violeta Pizpireta Publicidad y Personalizados &#8211; YouTube<\/a><\/p>\n<hr \/>\n<p>No Realizamos Cambios Por Productos Personalizados Ni Devoluci\u00f3n De Dinero. Por Ello Esperamos Confirmaci\u00f3n De Pedido Y Aprobaci\u00f3n De Dise\u00f1o Por Parte Del Cliente. Todos Nuestros Productos Llevan Nuestra Marca: Ya Sea Logotipo, Redes Sociales, Nombre Y\/O WhatsApp. Si Desea Que Nuestra Marca No Aparezca En Los Productos Debe Solicitarlo En El Momento De Realizar El Pago Del Primer 50% De Lo Contrario Se Marcaran Y No Tendr\u00e1n Cambio Ni Devoluci\u00f3n De Dinero.<\/p>\n<h3><\/h3>\n<h3><\/h3>\n<h3><span style=\"color: #57009a;\">Scrabble + tablero armable + caja para guardar<\/span><\/h3>\n<p><span style=\"color: #00e7c8;\">Producto personalizado. Puede llevar el logotipo de tu empresa.<\/span><\/p>\n<h6><span style=\"color: #57009a;\"><em>Despu\u00e9s de realizar tu compra, recuerda escribirnos al WhatsApp para confirmar tu pago, pedido y dise\u00f1o.<\/em><\/span><\/h6>\n<p><em>Si deseas compras al por mayor (6 unidades o m\u00e1s) comun\u00edcate con nosotros.<\/em><\/p>\n<h5><span style=\"color: #57009a;\">Detalle del producto:<\/span><\/h5>\n<p><span style=\"color: #57009a;\">Las ediciones del idioma\u00a0<a style=\"color: #57009a;\" title=\"Idioma espa\u00f1ol\" href=\"https:\/\/es.wikipedia.org\/wiki\/Idioma_espa%C3%B1ol\" target=\"_blank\" rel=\"noopener\">castellano<\/a>\u00a0fuera de Norteam\u00e9rica usan las siguientes 100 piezas:<\/span><\/p>\n<ul>\n<li>2 comodines (0 puntos)<\/li>\n<li><i>1 punto<\/i>:\u00a0<b>A<\/b>\u00a0<small>\u00d712<\/small>,\u00a0<b>E<\/b>\u00a0<small>\u00d712<\/small>,\u00a0<b>I<\/b>\u00a0<small>\u00d76<\/small>,\u00a0<b>L<\/b>\u00a0<small>\u00d74<\/small>,\u00a0<b>N<\/b>\u00a0<small>\u00d75<\/small>,\u00a0<b>O<\/b>\u00a0<small>\u00d79<\/small>,\u00a0<b>R<\/b>\u00a0<small>\u00d75<\/small>,\u00a0<b>S<\/b>\u00a0<small>\u00d76<\/small>,\u00a0<b>T<\/b>\u00a0<small>\u00d74<\/small>,\u00a0<b>U<\/b>\u00a0<small>\u00d75<\/small><\/li>\n<li><i>2 puntos<\/i>:\u00a0<b>D<\/b>\u00a0<small>\u00d75<\/small>,\u00a0<b>G<\/b>\u00a0<small>\u00d72<\/small><\/li>\n<li><i>3 puntos<\/i>:\u00a0<b>B<\/b>\u00a0<small>\u00d72<\/small>,\u00a0<b>C<\/b>\u00a0<small>\u00d74<\/small>,\u00a0<b>M<\/b>\u00a0<small>\u00d72<\/small>,\u00a0<b>P<\/b>\u00a0<small>\u00d72<\/small><\/li>\n<li><i>4 puntos<\/i>:\u00a0<b>F<\/b>\u00a0<small>\u00d71<\/small>,\u00a0<b>H<\/b>\u00a0<small>\u00d72<\/small>,\u00a0<b>V<\/b>\u00a0<small>\u00d71<\/small>,\u00a0<b>Y<\/b>\u00a0<small>\u00d71<\/small><\/li>\n<li><i>5 puntos<\/i>:\u00a0<b>Ch<\/b>\u00a0<small>\u00d71<\/small>,\u00a0<b>Q<\/b>\u00a0<small>\u00d71<\/small><\/li>\n<li><i>8 puntos<\/i>:\u00a0<b>J<\/b>\u00a0<small>\u00d71<\/small>,\u00a0<b>LL<\/b>\u00a0<small>\u00d71<\/small>,\u00a0<b>\u00d1<\/b>\u00a0<small>\u00d71<\/small>,\u00a0<b>RR<\/b>\u00a0<small>\u00d71<\/small>,\u00a0<b>X<\/b>\u00a0<small>\u00d71<\/small><\/li>\n<li><i>10 puntos<\/i>:\u00a0<b>Z<\/b>\u00a0<small>\u00d71<\/small><\/li>\n<\/ul>\n<p>Se omiten la\u00a0<a title=\"K\" href=\"https:\/\/es.wikipedia.org\/wiki\/K\" target=\"_blank\" rel=\"noopener\">K<\/a>\u00a0y la\u00a0<a title=\"W\" href=\"https:\/\/es.wikipedia.org\/wiki\/W\" target=\"_blank\" rel=\"noopener\">W<\/a>\u00a0ya que no son corrientes en el idioma (seg\u00fan la\u00a0<i>FISE<\/i>, no se pueden usar comodines en su lugar).<sup id=\"cite_ref-1\" class=\"reference separada\"><a href=\"https:\/\/es.wikipedia.org\/wiki\/Distribuci%C3%B3n_de_las_letras_en_el_Scrabble#cite_note-1\" target=\"_blank\" rel=\"noopener\">1<\/a><\/sup>\u200b No se incluyen acentos.<\/p>\n<p>El uso de una C y una H en lugar de la CH, dos L para la LL, o dos R para la RR no est\u00e1 permitido en el Scrabble en castellano.<\/p>\n<p><span style=\"color: #57009a;\"><strong>Incluye:<\/strong><\/span><\/p>\n<p><span style=\"color: #57009a;\">100 piezas<\/span><\/p>\n<p><span style=\"color: #57009a;\">4 Bases para jugador<\/span><\/p>\n<p><span style=\"color: #57009a;\">Tablero armable<\/span><\/p>\n<p><span style=\"color: #57009a;\">Caja para guardar<\/span><\/p>\n<p><span style=\"color: #57009a;\"><strong>Material:<\/strong><\/span><\/p>\n<p><span style=\"color: #57009a;\">Madera MDF 3mm<\/span><\/p>\n<p><span style=\"color: #57009a;\"><strong>Tama\u00f1o:<\/strong><\/span><\/p>\n<p><span style=\"color: #57009a;\">Tablero armable 20cm x 20cm<\/span><\/p>\n<p><span style=\"color: #57009a;\"><strong>Dise\u00f1o:<\/strong><\/span><\/p>\n<p><span style=\"color: #57009a;\">Idioma castellano, grabado y cortado en l\u00e1ser.<\/span><\/p>\n<p><em>S\u00edguenos y descubre m\u00e1s fotos del producto!<\/em><\/p>\n<p><a href=\"https:\/\/www.instagram.com\/juegos.de.mesa_hds\" target=\"_blank\" rel=\"noopener\"><img loading=\"lazy\" decoding=\"async\" class=\"alignnone wp-image-1647\" src=\"https:\/\/hdspersonalizados.com\/wp-content\/uploads\/2022\/02\/insta-300x300.png\" alt=\"instagram\" width=\"60\" height=\"60\" \/>juegos.de.mesa_hds<\/a><\/p>\n","protected":false},"excerpt":{"rendered":"<p><em>Tu pedido estar\u00e1 listo de 2 a 6 d\u00edas h\u00e1biles (lunes a viernes) a partir de la confirmaci\u00f3n del pago y dise\u00f1o.<\/em><\/p>\n","protected":false},"featured_media":1820,"comment_status":"open","ping_status":"closed","template":"","meta":{"site-sidebar-layout":"default","site-content-layout":"default","ast-global-header-display":"","ast-main-header-display":"","ast-hfb-above-header-display":"","ast-hfb-below-header-display":"","ast-hfb-mobile-header-display":"","site-post-title":"","ast-breadcrumbs-content":"","ast-featured-img":"","footer-sml-layout":"","theme-transparent-header-meta":"default","adv-header-id-meta":"","stick-header-meta":"","header-above-stick-meta":"","header-main-stick-meta":"","header-below-stick-meta":""},"product_brand":[],"product_cat":[36],"product_tag":[116,130],"class_list":{"0":"post-659","1":"product","2":"type-product","3":"status-publish","4":"has-post-thumbnail","6":"product_cat-otros","7":"product_tag-juego-de-mesa","8":"product_tag-scrabble","9":"desktop-align-center","10":"tablet-align-left","11":"mobile-align-left","13":"first","14":"instock","15":"sale","16":"taxable","17":"shipping-taxable","18":"purchasable","19":"product-type-simple"},"jetpack_sharing_enabled":true,"_links":{"self":[{"href":"https:\/\/violetapizpireta.com\/index.php\/wp-json\/wp\/v2\/product\/659","targetHints":{"allow":["GET"]}}],"collection":[{"href":"https:\/\/violetapizpireta.com\/index.php\/wp-json\/wp\/v2\/product"}],"about":[{"href":"https:\/\/violetapizpireta.com\/index.php\/wp-json\/wp\/v2\/types\/product"}],"replies":[{"embeddable":true,"href":"https:\/\/violetapizpireta.com\/index.php\/wp-json\/wp\/v2\/comments?post=659"}],"wp:featuredmedia":[{"embeddable":true,"href":"https:\/\/violetapizpireta.com\/index.php\/wp-json\/wp\/v2\/media\/1820"}],"wp:attachment":[{"href":"https:\/\/violetapizpireta.com\/index.php\/wp-json\/wp\/v2\/media?parent=659"}],"wp:term":[{"taxonomy":"product_brand","embeddable":true,"href":"https:\/\/violetapizpireta.com\/index.php\/wp-json\/wp\/v2\/product_brand?post=659"},{"taxonomy":"product_cat","embeddable":true,"href":"https:\/\/violetapizpireta.com\/index.php\/wp-json\/wp\/v2\/product_cat?post=659"},{"taxonomy":"product_tag","embeddable":true,"href":"https:\/\/violetapizpireta.com\/index.php\/wp-json\/wp\/v2\/product_tag?post=659"}],"curies":[{"name":"wp","href":"https:\/\/api.w.org\/{rel}","templated":true}]}}